{"id":18,"date":"2022-01-11T19:16:05","date_gmt":"2022-01-11T18:16:05","guid":{"rendered":"http:\/\/otonet.jeremybornerand.fr\/?page_id=18"},"modified":"2022-08-18T16:11:28","modified_gmt":"2022-08-18T14:11:28","slug":"integrateur","status":"publish","type":"page","link":"https:\/\/otonet-lab.com\/fr\/vous-etes\/integrateur\/","title":{"rendered":"Int\u00e9grateur"},"content":{"rendered":"<p class=\"p1\"><span class=\"s1\">En tant qu\u2019int\u00e9grateur vous \u00eates confront\u00e9s \u00e0 <strong>de multiples situations de transfert de fichier<\/strong> par la nature ou les volumes d\u2019\u00e9changes de vos clients ou par les habitudes de mise en \u0153uvre.<span class=\"Apple-converted-space\">\u00a0<\/span><\/span><\/p>\n","protected":false},"excerpt":{"rendered":"<p>En tant qu\u2019int\u00e9grateur vous \u00eates confront\u00e9s \u00e0 de multiples situations de transfert de fichier par la nature ou les volumes d\u2019\u00e9changes de vos clients ou par les habitudes de mise en \u0153uvre.\u00a0<\/p>\n","protected":false},"author":1,"featured_media":538,"parent":14,"menu_order":9,"comment_status":"closed","ping_status":"closed","template":"page-profil.php","meta":{"_monsterinsights_skip_tracking":false,"_monsterinsights_sitenote_active":false,"_monsterinsights_sitenote_note":"","_monsterinsights_sitenote_category":0,"footnotes":""},"class_list":["post-18","page","type-page","status-publish","has-post-thumbnail","hentry"],"acf":[],"yoast_head":"<!-- This site is optimized with the Yoast SEO plugin v17.8 - https:\/\/yoast.com\/wordpress\/plugins\/seo\/ -->\n<title>Int\u00e9grateur - Otonet Lab<\/title>\n<meta name=\"robots\" content=\"index, follow, max-snippet:-1, max-image-preview:large, max-video-preview:-1\" \/>\n<link rel=\"canonical\" href=\"https:\/\/otonet-lab.com\/fr\/vous-etes\/integrateur\/\" \/>\n<meta property=\"og:locale\" content=\"fr_FR\" \/>\n<meta property=\"og:type\" content=\"article\" \/>\n<meta property=\"og:title\" content=\"Int\u00e9grateur - Otonet Lab\" \/>\n<meta property=\"og:description\" content=\"En tant qu\u2019int\u00e9grateur vous \u00eates confront\u00e9s \u00e0 de multiples situations de transfert de fichier par la nature ou les volumes d\u2019\u00e9changes de vos clients ou par les habitudes de mise en \u0153uvre.\u00a0\" \/>\n<meta property=\"og:url\" content=\"https:\/\/otonet-lab.com\/fr\/vous-etes\/integrateur\/\" \/>\n<meta property=\"og:site_name\" content=\"Otonet Lab\" \/>\n<meta property=\"article:modified_time\" content=\"2022-08-18T14:11:28+00:00\" \/>\n<meta property=\"og:image\" content=\"https:\/\/otonet-lab.com\/wp-content\/uploads\/2022\/08\/Integrateur-4.png\" \/>\n\t<meta property=\"og:image:width\" content=\"1148\" \/>\n\t<meta property=\"og:image:height\" content=\"672\" \/>\n<meta name=\"twitter:card\" content=\"summary_large_image\" \/>\n<script type=\"application\/ld+json\" class=\"yoast-schema-graph\">{\"@context\":\"https:\/\/schema.org\",\"@graph\":[{\"@type\":\"Organization\",\"@id\":\"https:\/\/otonet-lab.com\/fr\/#organization\",\"name\":\"OTONET SARL\",\"url\":\"https:\/\/otonet-lab.com\/fr\/\",\"sameAs\":[],\"logo\":{\"@type\":\"ImageObject\",\"@id\":\"https:\/\/otonet-lab.com\/fr\/#logo\",\"inLanguage\":\"fr-FR\",\"url\":\"https:\/\/otonet-lab.com\/wp-content\/uploads\/2023\/03\/default.jpg\",\"contentUrl\":\"https:\/\/otonet-lab.com\/wp-content\/uploads\/2023\/03\/default.jpg\",\"width\":1500,\"height\":788,\"caption\":\"OTONET SARL\"},\"image\":{\"@id\":\"https:\/\/otonet-lab.com\/fr\/#logo\"}},{\"@type\":\"WebSite\",\"@id\":\"https:\/\/otonet-lab.com\/fr\/#website\",\"url\":\"https:\/\/otonet-lab.com\/fr\/\",\"name\":\"Otonet Lab\",\"description\":\"Paving the way for the future of corporate data\",\"publisher\":{\"@id\":\"https:\/\/otonet-lab.com\/fr\/#organization\"},\"potentialAction\":[{\"@type\":\"SearchAction\",\"target\":{\"@type\":\"EntryPoint\",\"urlTemplate\":\"https:\/\/otonet-lab.com\/fr\/?s={search_term_string}\"},\"query-input\":\"required name=search_term_string\"}],\"inLanguage\":\"fr-FR\"},{\"@type\":\"ImageObject\",\"@id\":\"https:\/\/otonet-lab.com\/fr\/vous-etes\/integrateur\/#primaryimage\",\"inLanguage\":\"fr-FR\",\"url\":\"https:\/\/otonet-lab.com\/wp-content\/uploads\/2022\/08\/Integrateur-4.png\",\"contentUrl\":\"https:\/\/otonet-lab.com\/wp-content\/uploads\/2022\/08\/Integrateur-4.png\",\"width\":1148,\"height\":672},{\"@type\":\"WebPage\",\"@id\":\"https:\/\/otonet-lab.com\/fr\/vous-etes\/integrateur\/#webpage\",\"url\":\"https:\/\/otonet-lab.com\/fr\/vous-etes\/integrateur\/\",\"name\":\"Int\\u00e9grateur - Otonet Lab\",\"isPartOf\":{\"@id\":\"https:\/\/otonet-lab.com\/fr\/#website\"},\"primaryImageOfPage\":{\"@id\":\"https:\/\/otonet-lab.com\/fr\/vous-etes\/integrateur\/#primaryimage\"},\"datePublished\":\"2022-01-11T18:16:05+00:00\",\"dateModified\":\"2022-08-18T14:11:28+00:00\",\"breadcrumb\":{\"@id\":\"https:\/\/otonet-lab.com\/fr\/vous-etes\/integrateur\/#breadcrumb\"},\"inLanguage\":\"fr-FR\",\"potentialAction\":[{\"@type\":\"ReadAction\",\"target\":[\"https:\/\/otonet-lab.com\/fr\/vous-etes\/integrateur\/\"]}]},{\"@type\":\"BreadcrumbList\",\"@id\":\"https:\/\/otonet-lab.com\/fr\/vous-etes\/integrateur\/#breadcrumb\",\"itemListElement\":[{\"@type\":\"ListItem\",\"position\":1,\"name\":\"Accueil\",\"item\":\"https:\/\/otonet-lab.com\/fr\/\"},{\"@type\":\"ListItem\",\"position\":2,\"name\":\"Vous \\u00eates un (ou une)\",\"item\":\"https:\/\/otonet-lab.com\/fr\/vous-etes\/\"},{\"@type\":\"ListItem\",\"position\":3,\"name\":\"Int\\u00e9grateur\"}]}]}<\/script>\n<!-- \/ Yoast SEO plugin. -->","yoast_head_json":{"title":"Int\u00e9grateur - Otonet Lab","robots":{"index":"index","follow":"follow","max-snippet":"max-snippet:-1","max-image-preview":"max-image-preview:large","max-video-preview":"max-video-preview:-1"},"canonical":"https:\/\/otonet-lab.com\/fr\/vous-etes\/integrateur\/","og_locale":"fr_FR","og_type":"article","og_title":"Int\u00e9grateur - Otonet Lab","og_description":"En tant qu\u2019int\u00e9grateur vous \u00eates confront\u00e9s \u00e0 de multiples situations de transfert de fichier par la nature ou les volumes d\u2019\u00e9changes de vos clients ou par les habitudes de mise en \u0153uvre.\u00a0","og_url":"https:\/\/otonet-lab.com\/fr\/vous-etes\/integrateur\/","og_site_name":"Otonet Lab","article_modified_time":"2022-08-18T14:11:28+00:00","og_image":[{"width":1148,"height":672,"url":"https:\/\/otonet-lab.com\/wp-content\/uploads\/2022\/08\/Integrateur-4.png","type":"image\/png"}],"twitter_card":"summary_large_image","schema":{"@context":"https:\/\/schema.org","@graph":[{"@type":"Organization","@id":"https:\/\/otonet-lab.com\/fr\/#organization","name":"OTONET SARL","url":"https:\/\/otonet-lab.com\/fr\/","sameAs":[],"logo":{"@type":"ImageObject","@id":"https:\/\/otonet-lab.com\/fr\/#logo","inLanguage":"fr-FR","url":"https:\/\/otonet-lab.com\/wp-content\/uploads\/2023\/03\/default.jpg","contentUrl":"https:\/\/otonet-lab.com\/wp-content\/uploads\/2023\/03\/default.jpg","width":1500,"height":788,"caption":"OTONET SARL"},"image":{"@id":"https:\/\/otonet-lab.com\/fr\/#logo"}},{"@type":"WebSite","@id":"https:\/\/otonet-lab.com\/fr\/#website","url":"https:\/\/otonet-lab.com\/fr\/","name":"Otonet Lab","description":"Paving the way for the future of corporate data","publisher":{"@id":"https:\/\/otonet-lab.com\/fr\/#organization"},"potentialAction":[{"@type":"SearchAction","target":{"@type":"EntryPoint","urlTemplate":"https:\/\/otonet-lab.com\/fr\/?s={search_term_string}"},"query-input":"required name=search_term_string"}],"inLanguage":"fr-FR"},{"@type":"ImageObject","@id":"https:\/\/otonet-lab.com\/fr\/vous-etes\/integrateur\/#primaryimage","inLanguage":"fr-FR","url":"https:\/\/otonet-lab.com\/wp-content\/uploads\/2022\/08\/Integrateur-4.png","contentUrl":"https:\/\/otonet-lab.com\/wp-content\/uploads\/2022\/08\/Integrateur-4.png","width":1148,"height":672},{"@type":"WebPage","@id":"https:\/\/otonet-lab.com\/fr\/vous-etes\/integrateur\/#webpage","url":"https:\/\/otonet-lab.com\/fr\/vous-etes\/integrateur\/","name":"Int\u00e9grateur - Otonet Lab","isPartOf":{"@id":"https:\/\/otonet-lab.com\/fr\/#website"},"primaryImageOfPage":{"@id":"https:\/\/otonet-lab.com\/fr\/vous-etes\/integrateur\/#primaryimage"},"datePublished":"2022-01-11T18:16:05+00:00","dateModified":"2022-08-18T14:11:28+00:00","breadcrumb":{"@id":"https:\/\/otonet-lab.com\/fr\/vous-etes\/integrateur\/#breadcrumb"},"inLanguage":"fr-FR","potentialAction":[{"@type":"ReadAction","target":["https:\/\/otonet-lab.com\/fr\/vous-etes\/integrateur\/"]}]},{"@type":"BreadcrumbList","@id":"https:\/\/otonet-lab.com\/fr\/vous-etes\/integrateur\/#breadcrumb","itemListElement":[{"@type":"ListItem","position":1,"name":"Accueil","item":"https:\/\/otonet-lab.com\/fr\/"},{"@type":"ListItem","position":2,"name":"Vous \u00eates un (ou une)","item":"https:\/\/otonet-lab.com\/fr\/vous-etes\/"},{"@type":"ListItem","position":3,"name":"Int\u00e9grateur"}]}]}},"_links":{"self":[{"href":"https:\/\/otonet-lab.com\/fr\/wp-json\/wp\/v2\/pages\/18","targetHints":{"allow":["GET"]}}],"collection":[{"href":"https:\/\/otonet-lab.com\/fr\/wp-json\/wp\/v2\/pages"}],"about":[{"href":"https:\/\/otonet-lab.com\/fr\/wp-json\/wp\/v2\/types\/page"}],"author":[{"embeddable":true,"href":"https:\/\/otonet-lab.com\/fr\/wp-json\/wp\/v2\/users\/1"}],"replies":[{"embeddable":true,"href":"https:\/\/otonet-lab.com\/fr\/wp-json\/wp\/v2\/comments?post=18"}],"version-history":[{"count":8,"href":"https:\/\/otonet-lab.com\/fr\/wp-json\/wp\/v2\/pages\/18\/revisions"}],"predecessor-version":[{"id":530,"href":"https:\/\/otonet-lab.com\/fr\/wp-json\/wp\/v2\/pages\/18\/revisions\/530"}],"up":[{"embeddable":true,"href":"https:\/\/otonet-lab.com\/fr\/wp-json\/wp\/v2\/pages\/14"}],"wp:featuredmedia":[{"embeddable":true,"href":"https:\/\/otonet-lab.com\/fr\/wp-json\/wp\/v2\/media\/538"}],"wp:attachment":[{"href":"https:\/\/otonet-lab.com\/fr\/wp-json\/wp\/v2\/media?parent=18"}],"curies":[{"name":"wp","href":"https:\/\/api.w.org\/{rel}","templated":true}]}}