{"id":2,"date":"2022-01-03T17:02:56","date_gmt":"2022-01-03T16:02:56","guid":{"rendered":"http:\/\/otonet.jeremybornerand.fr\/?page_id=2"},"modified":"2023-03-23T22:49:42","modified_gmt":"2023-03-23T21:49:42","slug":"accueil","status":"publish","type":"page","link":"https:\/\/otonet-lab.com\/fr\/","title":{"rendered":"Accueil"},"content":{"rendered":"<h1 style=\"text-align: center;\">SOCIETE D&rsquo;EXPERTISE ET DE DEVELOPPEMENT DE SOLUTIONS\u00a0DE TRANSFERT DE FICHIER<\/h1>\n<p><span style=\"font-weight: 400;\">D\u00e9couvrez nos connecteurs et nos produits autonomes pour \u00e9largir <\/span><span class=\"s1\">votre march\u00e9 domestique et \u00e0 l\u2019international en mettant en \u0153uvre des protocoles publiques, incontournables pour les grands donneurs d\u2019ordre.\u00a0<\/span><\/p>\n<p class=\"p1\"><span class=\"s2\">Nous mettons \u00e0 votre disposition<b> <\/b><\/span><span class=\"s1\"><b>plus de 25 ans de retours d\u2019exp\u00e9rience dans le domaine d&rsquo;organisation des services des transferts s\u00e9curis\u00e9s de fichiers.<\/b><\/span><span class=\"s2\"><b><span class=\"Apple-converted-space\">\u00a0<\/span><\/b><\/span><\/p>\n","protected":false},"excerpt":{"rendered":"<p>SOCIETE D&rsquo;EXPERTISE ET DE DEVELOPPEMENT DE SOLUTIONS\u00a0DE TRANSFERT DE FICHIER D\u00e9couvrez nos connecteurs et nos produits autonomes pour \u00e9largir votre march\u00e9 domestique et \u00e0 l\u2019international en mettant en \u0153uvre des protocoles publiques, incontournables pour les grands donneurs d\u2019ordre.\u00a0 Nous mettons \u00e0 votre disposition plus de 25 ans de retours d\u2019exp\u00e9rience dans le domaine d&rsquo;organisation des &hellip; <\/p>\n<p class=\"link-more\"><a href=\"https:\/\/otonet-lab.com\/fr\/\" class=\"more-link\">Continue reading<span class=\"screen-reader-text\"> \u00ab\u00a0Accueil\u00a0\u00bb<\/span><\/a><\/p>\n","protected":false},"author":1,"featured_media":224,"parent":0,"menu_order":1,"comment_status":"closed","ping_status":"closed","template":"","meta":{"_monsterinsights_skip_tracking":false,"_monsterinsights_sitenote_active":false,"_monsterinsights_sitenote_note":"","_monsterinsights_sitenote_category":0,"footnotes":""},"class_list":["post-2","page","type-page","status-publish","has-post-thumbnail","hentry"],"acf":[],"yoast_head":"<!-- This site is optimized with the Yoast SEO plugin v17.8 - https:\/\/yoast.com\/wordpress\/plugins\/seo\/ -->\n<title>Otonet Lab - Paving the way for the future of corporate data<\/title>\n<meta name=\"robots\" content=\"index, follow, max-snippet:-1, max-image-preview:large, max-video-preview:-1\" \/>\n<link rel=\"canonical\" href=\"https:\/\/otonet-lab.com\/fr\/\" \/>\n<meta property=\"og:locale\" content=\"fr_FR\" \/>\n<meta property=\"og:type\" content=\"article\" \/>\n<meta property=\"og:title\" content=\"Otonet Lab - Paving the way for the future of corporate data\" \/>\n<meta property=\"og:description\" content=\"SOCIETE D&rsquo;EXPERTISE ET DE DEVELOPPEMENT DE SOLUTIONS\u00a0DE TRANSFERT DE FICHIER D\u00e9couvrez nos connecteurs et nos produits autonomes pour \u00e9largir votre march\u00e9 domestique et \u00e0 l\u2019international en mettant en \u0153uvre des protocoles publiques, incontournables pour les grands donneurs d\u2019ordre.\u00a0 Nous mettons \u00e0 votre disposition plus de 25 ans de retours d\u2019exp\u00e9rience dans le domaine d&rsquo;organisation des &hellip; Continue reading &quot;Accueil&quot;\" \/>\n<meta property=\"og:url\" content=\"https:\/\/otonet-lab.com\/fr\/\" \/>\n<meta property=\"og:site_name\" content=\"Otonet Lab\" \/>\n<meta property=\"article:modified_time\" content=\"2023-03-23T21:49:42+00:00\" \/>\n<meta property=\"og:image\" content=\"https:\/\/otonet-lab.com\/wp-content\/uploads\/2022\/01\/AdobeStock_313142991-1-2-scaled.jpg\" \/>\n\t<meta property=\"og:image:width\" content=\"2560\" \/>\n\t<meta property=\"og:image:height\" content=\"2304\" \/>\n<meta name=\"twitter:card\" content=\"summary_large_image\" \/>\n<meta name=\"twitter:label1\" content=\"Dur\u00e9e de lecture estim\u00e9e\" \/>\n\t<meta name=\"twitter:data1\" content=\"1 minute\" \/>\n<script type=\"application\/ld+json\" class=\"yoast-schema-graph\">{\"@context\":\"https:\/\/schema.org\",\"@graph\":[{\"@type\":\"Organization\",\"@id\":\"https:\/\/otonet-lab.com\/fr\/#organization\",\"name\":\"OTONET SARL\",\"url\":\"https:\/\/otonet-lab.com\/fr\/\",\"sameAs\":[],\"logo\":{\"@type\":\"ImageObject\",\"@id\":\"https:\/\/otonet-lab.com\/fr\/#logo\",\"inLanguage\":\"fr-FR\",\"url\":\"https:\/\/otonet-lab.com\/wp-content\/uploads\/2023\/03\/default.jpg\",\"contentUrl\":\"https:\/\/otonet-lab.com\/wp-content\/uploads\/2023\/03\/default.jpg\",\"width\":1500,\"height\":788,\"caption\":\"OTONET SARL\"},\"image\":{\"@id\":\"https:\/\/otonet-lab.com\/fr\/#logo\"}},{\"@type\":\"WebSite\",\"@id\":\"https:\/\/otonet-lab.com\/fr\/#website\",\"url\":\"https:\/\/otonet-lab.com\/fr\/\",\"name\":\"Otonet Lab\",\"description\":\"Paving the way for the future of corporate data\",\"publisher\":{\"@id\":\"https:\/\/otonet-lab.com\/fr\/#organization\"},\"potentialAction\":[{\"@type\":\"SearchAction\",\"target\":{\"@type\":\"EntryPoint\",\"urlTemplate\":\"https:\/\/otonet-lab.com\/fr\/?s={search_term_string}\"},\"query-input\":\"required name=search_term_string\"}],\"inLanguage\":\"fr-FR\"},{\"@type\":\"ImageObject\",\"@id\":\"https:\/\/otonet-lab.com\/fr\/#primaryimage\",\"inLanguage\":\"fr-FR\",\"url\":\"https:\/\/otonet-lab.com\/wp-content\/uploads\/2022\/01\/AdobeStock_313142991-1-2-scaled.jpg\",\"contentUrl\":\"https:\/\/otonet-lab.com\/wp-content\/uploads\/2022\/01\/AdobeStock_313142991-1-2-scaled.jpg\",\"width\":2560,\"height\":2304},{\"@type\":\"WebPage\",\"@id\":\"https:\/\/otonet-lab.com\/fr\/#webpage\",\"url\":\"https:\/\/otonet-lab.com\/fr\/\",\"name\":\"Otonet Lab - Paving the way for the future of corporate data\",\"isPartOf\":{\"@id\":\"https:\/\/otonet-lab.com\/fr\/#website\"},\"primaryImageOfPage\":{\"@id\":\"https:\/\/otonet-lab.com\/fr\/#primaryimage\"},\"datePublished\":\"2022-01-03T16:02:56+00:00\",\"dateModified\":\"2023-03-23T21:49:42+00:00\",\"breadcrumb\":{\"@id\":\"https:\/\/otonet-lab.com\/fr\/#breadcrumb\"},\"inLanguage\":\"fr-FR\",\"potentialAction\":[{\"@type\":\"ReadAction\",\"target\":[\"https:\/\/otonet-lab.com\/fr\/\"]}]},{\"@type\":\"BreadcrumbList\",\"@id\":\"https:\/\/otonet-lab.com\/fr\/#breadcrumb\",\"itemListElement\":[{\"@type\":\"ListItem\",\"position\":1,\"name\":\"Accueil\",\"item\":\"https:\/\/otonet-lab.com\/fr\/\"},{\"@type\":\"ListItem\",\"position\":2,\"name\":\"Accueil\"}]}]}<\/script>\n<!-- \/ Yoast SEO plugin. -->","yoast_head_json":{"title":"Otonet Lab - Paving the way for the future of corporate data","robots":{"index":"index","follow":"follow","max-snippet":"max-snippet:-1","max-image-preview":"max-image-preview:large","max-video-preview":"max-video-preview:-1"},"canonical":"https:\/\/otonet-lab.com\/fr\/","og_locale":"fr_FR","og_type":"article","og_title":"Otonet Lab - Paving the way for the future of corporate data","og_description":"SOCIETE D&rsquo;EXPERTISE ET DE DEVELOPPEMENT DE SOLUTIONS\u00a0DE TRANSFERT DE FICHIER D\u00e9couvrez nos connecteurs et nos produits autonomes pour \u00e9largir votre march\u00e9 domestique et \u00e0 l\u2019international en mettant en \u0153uvre des protocoles publiques, incontournables pour les grands donneurs d\u2019ordre.\u00a0 Nous mettons \u00e0 votre disposition plus de 25 ans de retours d\u2019exp\u00e9rience dans le domaine d&rsquo;organisation des &hellip; Continue reading \"Accueil\"","og_url":"https:\/\/otonet-lab.com\/fr\/","og_site_name":"Otonet Lab","article_modified_time":"2023-03-23T21:49:42+00:00","og_image":[{"width":2560,"height":2304,"url":"https:\/\/otonet-lab.com\/wp-content\/uploads\/2022\/01\/AdobeStock_313142991-1-2-scaled.jpg","type":"image\/jpeg"}],"twitter_card":"summary_large_image","twitter_misc":{"Dur\u00e9e de lecture estim\u00e9e":"1 minute"},"schema":{"@context":"https:\/\/schema.org","@graph":[{"@type":"Organization","@id":"https:\/\/otonet-lab.com\/fr\/#organization","name":"OTONET SARL","url":"https:\/\/otonet-lab.com\/fr\/","sameAs":[],"logo":{"@type":"ImageObject","@id":"https:\/\/otonet-lab.com\/fr\/#logo","inLanguage":"fr-FR","url":"https:\/\/otonet-lab.com\/wp-content\/uploads\/2023\/03\/default.jpg","contentUrl":"https:\/\/otonet-lab.com\/wp-content\/uploads\/2023\/03\/default.jpg","width":1500,"height":788,"caption":"OTONET SARL"},"image":{"@id":"https:\/\/otonet-lab.com\/fr\/#logo"}},{"@type":"WebSite","@id":"https:\/\/otonet-lab.com\/fr\/#website","url":"https:\/\/otonet-lab.com\/fr\/","name":"Otonet Lab","description":"Paving the way for the future of corporate data","publisher":{"@id":"https:\/\/otonet-lab.com\/fr\/#organization"},"potentialAction":[{"@type":"SearchAction","target":{"@type":"EntryPoint","urlTemplate":"https:\/\/otonet-lab.com\/fr\/?s={search_term_string}"},"query-input":"required name=search_term_string"}],"inLanguage":"fr-FR"},{"@type":"ImageObject","@id":"https:\/\/otonet-lab.com\/fr\/#primaryimage","inLanguage":"fr-FR","url":"https:\/\/otonet-lab.com\/wp-content\/uploads\/2022\/01\/AdobeStock_313142991-1-2-scaled.jpg","contentUrl":"https:\/\/otonet-lab.com\/wp-content\/uploads\/2022\/01\/AdobeStock_313142991-1-2-scaled.jpg","width":2560,"height":2304},{"@type":"WebPage","@id":"https:\/\/otonet-lab.com\/fr\/#webpage","url":"https:\/\/otonet-lab.com\/fr\/","name":"Otonet Lab - Paving the way for the future of corporate data","isPartOf":{"@id":"https:\/\/otonet-lab.com\/fr\/#website"},"primaryImageOfPage":{"@id":"https:\/\/otonet-lab.com\/fr\/#primaryimage"},"datePublished":"2022-01-03T16:02:56+00:00","dateModified":"2023-03-23T21:49:42+00:00","breadcrumb":{"@id":"https:\/\/otonet-lab.com\/fr\/#breadcrumb"},"inLanguage":"fr-FR","potentialAction":[{"@type":"ReadAction","target":["https:\/\/otonet-lab.com\/fr\/"]}]},{"@type":"BreadcrumbList","@id":"https:\/\/otonet-lab.com\/fr\/#breadcrumb","itemListElement":[{"@type":"ListItem","position":1,"name":"Accueil","item":"https:\/\/otonet-lab.com\/fr\/"},{"@type":"ListItem","position":2,"name":"Accueil"}]}]}},"_links":{"self":[{"href":"https:\/\/otonet-lab.com\/fr\/wp-json\/wp\/v2\/pages\/2","targetHints":{"allow":["GET"]}}],"collection":[{"href":"https:\/\/otonet-lab.com\/fr\/wp-json\/wp\/v2\/pages"}],"about":[{"href":"https:\/\/otonet-lab.com\/fr\/wp-json\/wp\/v2\/types\/page"}],"author":[{"embeddable":true,"href":"https:\/\/otonet-lab.com\/fr\/wp-json\/wp\/v2\/users\/1"}],"replies":[{"embeddable":true,"href":"https:\/\/otonet-lab.com\/fr\/wp-json\/wp\/v2\/comments?post=2"}],"version-history":[{"count":34,"href":"https:\/\/otonet-lab.com\/fr\/wp-json\/wp\/v2\/pages\/2\/revisions"}],"predecessor-version":[{"id":955,"href":"https:\/\/otonet-lab.com\/fr\/wp-json\/wp\/v2\/pages\/2\/revisions\/955"}],"wp:featuredmedia":[{"embeddable":true,"href":"https:\/\/otonet-lab.com\/fr\/wp-json\/wp\/v2\/media\/224"}],"wp:attachment":[{"href":"https:\/\/otonet-lab.com\/fr\/wp-json\/wp\/v2\/media?parent=2"}],"curies":[{"name":"wp","href":"https:\/\/api.w.org\/{rel}","templated":true}]}}