{"id":20,"date":"2022-01-11T19:16:11","date_gmt":"2022-01-11T18:16:11","guid":{"rendered":"http:\/\/otonet.jeremybornerand.fr\/?page_id=20"},"modified":"2022-08-18T11:17:10","modified_gmt":"2022-08-18T09:17:10","slug":"grand-compte","status":"publish","type":"page","link":"https:\/\/otonet-lab.com\/fr\/vous-etes\/grand-compte\/","title":{"rendered":"Grand compte"},"content":{"rendered":"<p>Vous \u00eatre tr\u00e8s certainement soumis \u00e0 de forts flux d\u2019\u00e9changes protocolaires et vos besoins de transfert peuvent atteindre ou m\u00eame d\u00e9passer les 100\u00a0000 fichiers par jour. Dans ces conditions <strong>la gestion de production s\u2019av\u00e8re tr\u00e8s sensible<\/strong>.<\/p>\n","protected":false},"excerpt":{"rendered":"<p>Vous \u00eatre tr\u00e8s certainement soumis \u00e0 de forts flux d\u2019\u00e9changes protocolaires et vos besoins de transfert peuvent atteindre ou m\u00eame d\u00e9passer les 100\u00a0000 fichiers par jour. Dans ces conditions la gestion de production s\u2019av\u00e8re tr\u00e8s sensible.<\/p>\n","protected":false},"author":1,"featured_media":494,"parent":14,"menu_order":11,"comment_status":"closed","ping_status":"closed","template":"page-profil.php","meta":{"_monsterinsights_skip_tracking":false,"_monsterinsights_sitenote_active":false,"_monsterinsights_sitenote_note":"","_monsterinsights_sitenote_category":0,"footnotes":""},"class_list":["post-20","page","type-page","status-publish","has-post-thumbnail","hentry"],"acf":[],"yoast_head":"<!-- This site is optimized with the Yoast SEO plugin v17.8 - https:\/\/yoast.com\/wordpress\/plugins\/seo\/ -->\n<title>Grand compte - Otonet Lab<\/title>\n<meta name=\"robots\" content=\"index, follow, max-snippet:-1, max-image-preview:large, max-video-preview:-1\" \/>\n<link rel=\"canonical\" href=\"https:\/\/otonet-lab.com\/fr\/vous-etes\/grand-compte\/\" \/>\n<meta property=\"og:locale\" content=\"fr_FR\" \/>\n<meta property=\"og:type\" content=\"article\" \/>\n<meta property=\"og:title\" content=\"Grand compte - Otonet Lab\" \/>\n<meta property=\"og:description\" content=\"Vous \u00eatre tr\u00e8s certainement soumis \u00e0 de forts flux d\u2019\u00e9changes protocolaires et vos besoins de transfert peuvent atteindre ou m\u00eame d\u00e9passer les 100\u00a0000 fichiers par jour. Dans ces conditions la gestion de production s\u2019av\u00e8re tr\u00e8s sensible.\" \/>\n<meta property=\"og:url\" content=\"https:\/\/otonet-lab.com\/fr\/vous-etes\/grand-compte\/\" \/>\n<meta property=\"og:site_name\" content=\"Otonet Lab\" \/>\n<meta property=\"article:modified_time\" content=\"2022-08-18T09:17:10+00:00\" \/>\n<meta property=\"og:image\" content=\"https:\/\/otonet-lab.com\/wp-content\/uploads\/2022\/08\/KeyAccount-5.jpg\" \/>\n\t<meta property=\"og:image:width\" content=\"449\" \/>\n\t<meta property=\"og:image:height\" content=\"368\" \/>\n<meta name=\"twitter:card\" content=\"summary_large_image\" \/>\n<script type=\"application\/ld+json\" class=\"yoast-schema-graph\">{\"@context\":\"https:\/\/schema.org\",\"@graph\":[{\"@type\":\"Organization\",\"@id\":\"https:\/\/otonet-lab.com\/fr\/#organization\",\"name\":\"OTONET SARL\",\"url\":\"https:\/\/otonet-lab.com\/fr\/\",\"sameAs\":[],\"logo\":{\"@type\":\"ImageObject\",\"@id\":\"https:\/\/otonet-lab.com\/fr\/#logo\",\"inLanguage\":\"fr-FR\",\"url\":\"https:\/\/otonet-lab.com\/wp-content\/uploads\/2023\/03\/default.jpg\",\"contentUrl\":\"https:\/\/otonet-lab.com\/wp-content\/uploads\/2023\/03\/default.jpg\",\"width\":1500,\"height\":788,\"caption\":\"OTONET SARL\"},\"image\":{\"@id\":\"https:\/\/otonet-lab.com\/fr\/#logo\"}},{\"@type\":\"WebSite\",\"@id\":\"https:\/\/otonet-lab.com\/fr\/#website\",\"url\":\"https:\/\/otonet-lab.com\/fr\/\",\"name\":\"Otonet Lab\",\"description\":\"Paving the way for the future of corporate data\",\"publisher\":{\"@id\":\"https:\/\/otonet-lab.com\/fr\/#organization\"},\"potentialAction\":[{\"@type\":\"SearchAction\",\"target\":{\"@type\":\"EntryPoint\",\"urlTemplate\":\"https:\/\/otonet-lab.com\/fr\/?s={search_term_string}\"},\"query-input\":\"required name=search_term_string\"}],\"inLanguage\":\"fr-FR\"},{\"@type\":\"ImageObject\",\"@id\":\"https:\/\/otonet-lab.com\/fr\/vous-etes\/grand-compte\/#primaryimage\",\"inLanguage\":\"fr-FR\",\"url\":\"https:\/\/otonet-lab.com\/wp-content\/uploads\/2022\/08\/KeyAccount-5.jpg\",\"contentUrl\":\"https:\/\/otonet-lab.com\/wp-content\/uploads\/2022\/08\/KeyAccount-5.jpg\",\"width\":449,\"height\":368},{\"@type\":\"WebPage\",\"@id\":\"https:\/\/otonet-lab.com\/fr\/vous-etes\/grand-compte\/#webpage\",\"url\":\"https:\/\/otonet-lab.com\/fr\/vous-etes\/grand-compte\/\",\"name\":\"Grand compte - Otonet Lab\",\"isPartOf\":{\"@id\":\"https:\/\/otonet-lab.com\/fr\/#website\"},\"primaryImageOfPage\":{\"@id\":\"https:\/\/otonet-lab.com\/fr\/vous-etes\/grand-compte\/#primaryimage\"},\"datePublished\":\"2022-01-11T18:16:11+00:00\",\"dateModified\":\"2022-08-18T09:17:10+00:00\",\"breadcrumb\":{\"@id\":\"https:\/\/otonet-lab.com\/fr\/vous-etes\/grand-compte\/#breadcrumb\"},\"inLanguage\":\"fr-FR\",\"potentialAction\":[{\"@type\":\"ReadAction\",\"target\":[\"https:\/\/otonet-lab.com\/fr\/vous-etes\/grand-compte\/\"]}]},{\"@type\":\"BreadcrumbList\",\"@id\":\"https:\/\/otonet-lab.com\/fr\/vous-etes\/grand-compte\/#breadcrumb\",\"itemListElement\":[{\"@type\":\"ListItem\",\"position\":1,\"name\":\"Accueil\",\"item\":\"https:\/\/otonet-lab.com\/fr\/\"},{\"@type\":\"ListItem\",\"position\":2,\"name\":\"Vous \\u00eates un (ou une)\",\"item\":\"https:\/\/otonet-lab.com\/fr\/vous-etes\/\"},{\"@type\":\"ListItem\",\"position\":3,\"name\":\"Grand compte\"}]}]}<\/script>\n<!-- \/ Yoast SEO plugin. -->","yoast_head_json":{"title":"Grand compte - Otonet Lab","robots":{"index":"index","follow":"follow","max-snippet":"max-snippet:-1","max-image-preview":"max-image-preview:large","max-video-preview":"max-video-preview:-1"},"canonical":"https:\/\/otonet-lab.com\/fr\/vous-etes\/grand-compte\/","og_locale":"fr_FR","og_type":"article","og_title":"Grand compte - Otonet Lab","og_description":"Vous \u00eatre tr\u00e8s certainement soumis \u00e0 de forts flux d\u2019\u00e9changes protocolaires et vos besoins de transfert peuvent atteindre ou m\u00eame d\u00e9passer les 100\u00a0000 fichiers par jour. Dans ces conditions la gestion de production s\u2019av\u00e8re tr\u00e8s sensible.","og_url":"https:\/\/otonet-lab.com\/fr\/vous-etes\/grand-compte\/","og_site_name":"Otonet Lab","article_modified_time":"2022-08-18T09:17:10+00:00","og_image":[{"width":449,"height":368,"url":"https:\/\/otonet-lab.com\/wp-content\/uploads\/2022\/08\/KeyAccount-5.jpg","type":"image\/jpeg"}],"twitter_card":"summary_large_image","schema":{"@context":"https:\/\/schema.org","@graph":[{"@type":"Organization","@id":"https:\/\/otonet-lab.com\/fr\/#organization","name":"OTONET SARL","url":"https:\/\/otonet-lab.com\/fr\/","sameAs":[],"logo":{"@type":"ImageObject","@id":"https:\/\/otonet-lab.com\/fr\/#logo","inLanguage":"fr-FR","url":"https:\/\/otonet-lab.com\/wp-content\/uploads\/2023\/03\/default.jpg","contentUrl":"https:\/\/otonet-lab.com\/wp-content\/uploads\/2023\/03\/default.jpg","width":1500,"height":788,"caption":"OTONET SARL"},"image":{"@id":"https:\/\/otonet-lab.com\/fr\/#logo"}},{"@type":"WebSite","@id":"https:\/\/otonet-lab.com\/fr\/#website","url":"https:\/\/otonet-lab.com\/fr\/","name":"Otonet Lab","description":"Paving the way for the future of corporate data","publisher":{"@id":"https:\/\/otonet-lab.com\/fr\/#organization"},"potentialAction":[{"@type":"SearchAction","target":{"@type":"EntryPoint","urlTemplate":"https:\/\/otonet-lab.com\/fr\/?s={search_term_string}"},"query-input":"required name=search_term_string"}],"inLanguage":"fr-FR"},{"@type":"ImageObject","@id":"https:\/\/otonet-lab.com\/fr\/vous-etes\/grand-compte\/#primaryimage","inLanguage":"fr-FR","url":"https:\/\/otonet-lab.com\/wp-content\/uploads\/2022\/08\/KeyAccount-5.jpg","contentUrl":"https:\/\/otonet-lab.com\/wp-content\/uploads\/2022\/08\/KeyAccount-5.jpg","width":449,"height":368},{"@type":"WebPage","@id":"https:\/\/otonet-lab.com\/fr\/vous-etes\/grand-compte\/#webpage","url":"https:\/\/otonet-lab.com\/fr\/vous-etes\/grand-compte\/","name":"Grand compte - Otonet Lab","isPartOf":{"@id":"https:\/\/otonet-lab.com\/fr\/#website"},"primaryImageOfPage":{"@id":"https:\/\/otonet-lab.com\/fr\/vous-etes\/grand-compte\/#primaryimage"},"datePublished":"2022-01-11T18:16:11+00:00","dateModified":"2022-08-18T09:17:10+00:00","breadcrumb":{"@id":"https:\/\/otonet-lab.com\/fr\/vous-etes\/grand-compte\/#breadcrumb"},"inLanguage":"fr-FR","potentialAction":[{"@type":"ReadAction","target":["https:\/\/otonet-lab.com\/fr\/vous-etes\/grand-compte\/"]}]},{"@type":"BreadcrumbList","@id":"https:\/\/otonet-lab.com\/fr\/vous-etes\/grand-compte\/#breadcrumb","itemListElement":[{"@type":"ListItem","position":1,"name":"Accueil","item":"https:\/\/otonet-lab.com\/fr\/"},{"@type":"ListItem","position":2,"name":"Vous \u00eates un (ou une)","item":"https:\/\/otonet-lab.com\/fr\/vous-etes\/"},{"@type":"ListItem","position":3,"name":"Grand compte"}]}]}},"_links":{"self":[{"href":"https:\/\/otonet-lab.com\/fr\/wp-json\/wp\/v2\/pages\/20","targetHints":{"allow":["GET"]}}],"collection":[{"href":"https:\/\/otonet-lab.com\/fr\/wp-json\/wp\/v2\/pages"}],"about":[{"href":"https:\/\/otonet-lab.com\/fr\/wp-json\/wp\/v2\/types\/page"}],"author":[{"embeddable":true,"href":"https:\/\/otonet-lab.com\/fr\/wp-json\/wp\/v2\/users\/1"}],"replies":[{"embeddable":true,"href":"https:\/\/otonet-lab.com\/fr\/wp-json\/wp\/v2\/comments?post=20"}],"version-history":[{"count":8,"href":"https:\/\/otonet-lab.com\/fr\/wp-json\/wp\/v2\/pages\/20\/revisions"}],"predecessor-version":[{"id":481,"href":"https:\/\/otonet-lab.com\/fr\/wp-json\/wp\/v2\/pages\/20\/revisions\/481"}],"up":[{"embeddable":true,"href":"https:\/\/otonet-lab.com\/fr\/wp-json\/wp\/v2\/pages\/14"}],"wp:featuredmedia":[{"embeddable":true,"href":"https:\/\/otonet-lab.com\/fr\/wp-json\/wp\/v2\/media\/494"}],"wp:attachment":[{"href":"https:\/\/otonet-lab.com\/fr\/wp-json\/wp\/v2\/media?parent=20"}],"curies":[{"name":"wp","href":"https:\/\/api.w.org\/{rel}","templated":true}]}}