{"id":22,"date":"2022-01-11T19:16:18","date_gmt":"2022-01-11T18:16:18","guid":{"rendered":"http:\/\/otonet.jeremybornerand.fr\/?page_id=22"},"modified":"2022-08-18T11:27:24","modified_gmt":"2022-08-18T09:27:24","slug":"pme","status":"publish","type":"page","link":"https:\/\/otonet-lab.com\/fr\/vous-etes\/pme\/","title":{"rendered":"PME"},"content":{"rendered":"<p>Si vos probl\u00e9matiques de gestion de production sont moins sensibles que celles d\u2019un Grand compte au vu des taux de transferts tr\u00e8s inf\u00e9rieurs, il en va diff\u00e9remment de <strong>l\u2019int\u00e9gration des connecteurs protocolaires<\/strong> (PESIT ou EBICS par exemple).<\/p>\n","protected":false},"excerpt":{"rendered":"<p>Si vos probl\u00e9matiques de gestion de production sont moins sensibles que celles d\u2019un Grand compte au vu des taux de transferts tr\u00e8s inf\u00e9rieurs, il en va diff\u00e9remment de l\u2019int\u00e9gration des connecteurs protocolaires (PESIT ou EBICS par exemple).<\/p>\n","protected":false},"author":1,"featured_media":496,"parent":14,"menu_order":12,"comment_status":"closed","ping_status":"closed","template":"page-profil.php","meta":{"_monsterinsights_skip_tracking":false,"_monsterinsights_sitenote_active":false,"_monsterinsights_sitenote_note":"","_monsterinsights_sitenote_category":0,"footnotes":""},"class_list":["post-22","page","type-page","status-publish","has-post-thumbnail","hentry"],"acf":[],"yoast_head":"<!-- This site is optimized with the Yoast SEO plugin v17.8 - https:\/\/yoast.com\/wordpress\/plugins\/seo\/ -->\n<title>PME - Otonet Lab<\/title>\n<meta name=\"robots\" content=\"index, follow, max-snippet:-1, max-image-preview:large, max-video-preview:-1\" \/>\n<link rel=\"canonical\" href=\"https:\/\/otonet-lab.com\/fr\/vous-etes\/pme\/\" \/>\n<meta property=\"og:locale\" content=\"fr_FR\" \/>\n<meta property=\"og:type\" content=\"article\" \/>\n<meta property=\"og:title\" content=\"PME - Otonet Lab\" \/>\n<meta property=\"og:description\" content=\"Si vos probl\u00e9matiques de gestion de production sont moins sensibles que celles d\u2019un Grand compte au vu des taux de transferts tr\u00e8s inf\u00e9rieurs, il en va diff\u00e9remment de l\u2019int\u00e9gration des connecteurs protocolaires (PESIT ou EBICS par exemple).\" \/>\n<meta property=\"og:url\" content=\"https:\/\/otonet-lab.com\/fr\/vous-etes\/pme\/\" \/>\n<meta property=\"og:site_name\" content=\"Otonet Lab\" \/>\n<meta property=\"article:modified_time\" content=\"2022-08-18T09:27:24+00:00\" \/>\n<meta property=\"og:image\" content=\"https:\/\/otonet-lab.com\/wp-content\/uploads\/2022\/08\/pme.jpg\" \/>\n\t<meta property=\"og:image:width\" content=\"660\" \/>\n\t<meta property=\"og:image:height\" content=\"380\" \/>\n<meta name=\"twitter:card\" content=\"summary_large_image\" \/>\n<script type=\"application\/ld+json\" class=\"yoast-schema-graph\">{\"@context\":\"https:\/\/schema.org\",\"@graph\":[{\"@type\":\"Organization\",\"@id\":\"https:\/\/otonet-lab.com\/fr\/#organization\",\"name\":\"OTONET SARL\",\"url\":\"https:\/\/otonet-lab.com\/fr\/\",\"sameAs\":[],\"logo\":{\"@type\":\"ImageObject\",\"@id\":\"https:\/\/otonet-lab.com\/fr\/#logo\",\"inLanguage\":\"fr-FR\",\"url\":\"https:\/\/otonet-lab.com\/wp-content\/uploads\/2023\/03\/default.jpg\",\"contentUrl\":\"https:\/\/otonet-lab.com\/wp-content\/uploads\/2023\/03\/default.jpg\",\"width\":1500,\"height\":788,\"caption\":\"OTONET SARL\"},\"image\":{\"@id\":\"https:\/\/otonet-lab.com\/fr\/#logo\"}},{\"@type\":\"WebSite\",\"@id\":\"https:\/\/otonet-lab.com\/fr\/#website\",\"url\":\"https:\/\/otonet-lab.com\/fr\/\",\"name\":\"Otonet Lab\",\"description\":\"Paving the way for the future of corporate data\",\"publisher\":{\"@id\":\"https:\/\/otonet-lab.com\/fr\/#organization\"},\"potentialAction\":[{\"@type\":\"SearchAction\",\"target\":{\"@type\":\"EntryPoint\",\"urlTemplate\":\"https:\/\/otonet-lab.com\/fr\/?s={search_term_string}\"},\"query-input\":\"required name=search_term_string\"}],\"inLanguage\":\"fr-FR\"},{\"@type\":\"ImageObject\",\"@id\":\"https:\/\/otonet-lab.com\/fr\/vous-etes\/pme\/#primaryimage\",\"inLanguage\":\"fr-FR\",\"url\":\"https:\/\/otonet-lab.com\/wp-content\/uploads\/2022\/08\/pme.jpg\",\"contentUrl\":\"https:\/\/otonet-lab.com\/wp-content\/uploads\/2022\/08\/pme.jpg\",\"width\":660,\"height\":380},{\"@type\":\"WebPage\",\"@id\":\"https:\/\/otonet-lab.com\/fr\/vous-etes\/pme\/#webpage\",\"url\":\"https:\/\/otonet-lab.com\/fr\/vous-etes\/pme\/\",\"name\":\"PME - Otonet Lab\",\"isPartOf\":{\"@id\":\"https:\/\/otonet-lab.com\/fr\/#website\"},\"primaryImageOfPage\":{\"@id\":\"https:\/\/otonet-lab.com\/fr\/vous-etes\/pme\/#primaryimage\"},\"datePublished\":\"2022-01-11T18:16:18+00:00\",\"dateModified\":\"2022-08-18T09:27:24+00:00\",\"breadcrumb\":{\"@id\":\"https:\/\/otonet-lab.com\/fr\/vous-etes\/pme\/#breadcrumb\"},\"inLanguage\":\"fr-FR\",\"potentialAction\":[{\"@type\":\"ReadAction\",\"target\":[\"https:\/\/otonet-lab.com\/fr\/vous-etes\/pme\/\"]}]},{\"@type\":\"BreadcrumbList\",\"@id\":\"https:\/\/otonet-lab.com\/fr\/vous-etes\/pme\/#breadcrumb\",\"itemListElement\":[{\"@type\":\"ListItem\",\"position\":1,\"name\":\"Accueil\",\"item\":\"https:\/\/otonet-lab.com\/fr\/\"},{\"@type\":\"ListItem\",\"position\":2,\"name\":\"Vous \\u00eates un (ou une)\",\"item\":\"https:\/\/otonet-lab.com\/fr\/vous-etes\/\"},{\"@type\":\"ListItem\",\"position\":3,\"name\":\"PME\"}]}]}<\/script>\n<!-- \/ Yoast SEO plugin. -->","yoast_head_json":{"title":"PME - Otonet Lab","robots":{"index":"index","follow":"follow","max-snippet":"max-snippet:-1","max-image-preview":"max-image-preview:large","max-video-preview":"max-video-preview:-1"},"canonical":"https:\/\/otonet-lab.com\/fr\/vous-etes\/pme\/","og_locale":"fr_FR","og_type":"article","og_title":"PME - Otonet Lab","og_description":"Si vos probl\u00e9matiques de gestion de production sont moins sensibles que celles d\u2019un Grand compte au vu des taux de transferts tr\u00e8s inf\u00e9rieurs, il en va diff\u00e9remment de l\u2019int\u00e9gration des connecteurs protocolaires (PESIT ou EBICS par exemple).","og_url":"https:\/\/otonet-lab.com\/fr\/vous-etes\/pme\/","og_site_name":"Otonet Lab","article_modified_time":"2022-08-18T09:27:24+00:00","og_image":[{"width":660,"height":380,"url":"https:\/\/otonet-lab.com\/wp-content\/uploads\/2022\/08\/pme.jpg","type":"image\/jpeg"}],"twitter_card":"summary_large_image","schema":{"@context":"https:\/\/schema.org","@graph":[{"@type":"Organization","@id":"https:\/\/otonet-lab.com\/fr\/#organization","name":"OTONET SARL","url":"https:\/\/otonet-lab.com\/fr\/","sameAs":[],"logo":{"@type":"ImageObject","@id":"https:\/\/otonet-lab.com\/fr\/#logo","inLanguage":"fr-FR","url":"https:\/\/otonet-lab.com\/wp-content\/uploads\/2023\/03\/default.jpg","contentUrl":"https:\/\/otonet-lab.com\/wp-content\/uploads\/2023\/03\/default.jpg","width":1500,"height":788,"caption":"OTONET SARL"},"image":{"@id":"https:\/\/otonet-lab.com\/fr\/#logo"}},{"@type":"WebSite","@id":"https:\/\/otonet-lab.com\/fr\/#website","url":"https:\/\/otonet-lab.com\/fr\/","name":"Otonet Lab","description":"Paving the way for the future of corporate data","publisher":{"@id":"https:\/\/otonet-lab.com\/fr\/#organization"},"potentialAction":[{"@type":"SearchAction","target":{"@type":"EntryPoint","urlTemplate":"https:\/\/otonet-lab.com\/fr\/?s={search_term_string}"},"query-input":"required name=search_term_string"}],"inLanguage":"fr-FR"},{"@type":"ImageObject","@id":"https:\/\/otonet-lab.com\/fr\/vous-etes\/pme\/#primaryimage","inLanguage":"fr-FR","url":"https:\/\/otonet-lab.com\/wp-content\/uploads\/2022\/08\/pme.jpg","contentUrl":"https:\/\/otonet-lab.com\/wp-content\/uploads\/2022\/08\/pme.jpg","width":660,"height":380},{"@type":"WebPage","@id":"https:\/\/otonet-lab.com\/fr\/vous-etes\/pme\/#webpage","url":"https:\/\/otonet-lab.com\/fr\/vous-etes\/pme\/","name":"PME - Otonet Lab","isPartOf":{"@id":"https:\/\/otonet-lab.com\/fr\/#website"},"primaryImageOfPage":{"@id":"https:\/\/otonet-lab.com\/fr\/vous-etes\/pme\/#primaryimage"},"datePublished":"2022-01-11T18:16:18+00:00","dateModified":"2022-08-18T09:27:24+00:00","breadcrumb":{"@id":"https:\/\/otonet-lab.com\/fr\/vous-etes\/pme\/#breadcrumb"},"inLanguage":"fr-FR","potentialAction":[{"@type":"ReadAction","target":["https:\/\/otonet-lab.com\/fr\/vous-etes\/pme\/"]}]},{"@type":"BreadcrumbList","@id":"https:\/\/otonet-lab.com\/fr\/vous-etes\/pme\/#breadcrumb","itemListElement":[{"@type":"ListItem","position":1,"name":"Accueil","item":"https:\/\/otonet-lab.com\/fr\/"},{"@type":"ListItem","position":2,"name":"Vous \u00eates un (ou une)","item":"https:\/\/otonet-lab.com\/fr\/vous-etes\/"},{"@type":"ListItem","position":3,"name":"PME"}]}]}},"_links":{"self":[{"href":"https:\/\/otonet-lab.com\/fr\/wp-json\/wp\/v2\/pages\/22","targetHints":{"allow":["GET"]}}],"collection":[{"href":"https:\/\/otonet-lab.com\/fr\/wp-json\/wp\/v2\/pages"}],"about":[{"href":"https:\/\/otonet-lab.com\/fr\/wp-json\/wp\/v2\/types\/page"}],"author":[{"embeddable":true,"href":"https:\/\/otonet-lab.com\/fr\/wp-json\/wp\/v2\/users\/1"}],"replies":[{"embeddable":true,"href":"https:\/\/otonet-lab.com\/fr\/wp-json\/wp\/v2\/comments?post=22"}],"version-history":[{"count":8,"href":"https:\/\/otonet-lab.com\/fr\/wp-json\/wp\/v2\/pages\/22\/revisions"}],"predecessor-version":[{"id":470,"href":"https:\/\/otonet-lab.com\/fr\/wp-json\/wp\/v2\/pages\/22\/revisions\/470"}],"up":[{"embeddable":true,"href":"https:\/\/otonet-lab.com\/fr\/wp-json\/wp\/v2\/pages\/14"}],"wp:featuredmedia":[{"embeddable":true,"href":"https:\/\/otonet-lab.com\/fr\/wp-json\/wp\/v2\/media\/496"}],"wp:attachment":[{"href":"https:\/\/otonet-lab.com\/fr\/wp-json\/wp\/v2\/media?parent=22"}],"curies":[{"name":"wp","href":"https:\/\/api.w.org\/{rel}","templated":true}]}}