{"id":26,"date":"2022-01-11T19:16:32","date_gmt":"2022-01-11T18:16:32","guid":{"rendered":"http:\/\/otonet.jeremybornerand.fr\/?page_id=26"},"modified":"2022-08-18T15:22:14","modified_gmt":"2022-08-18T13:22:14","slug":"universitaire","status":"publish","type":"page","link":"https:\/\/otonet-lab.com\/fr\/vous-etes\/universitaire\/","title":{"rendered":"Universitaire"},"content":{"rendered":"<p>Vous vous posez peut-\u00eatre la question des \u00e9changes entre Grands donneurs d\u2019ordre bancaires et entreprises en France comme \u00e0 l\u2019international. <strong>Le moment est venu de vous \u00e9clairer<\/strong> sur ce th\u00e8me tr\u00e8s souvent per\u00e7u \u00e0 tort comme opaque ou r\u00e9serv\u00e9 \u00e0 des \u00e9lites techniques.<\/p>\n","protected":false},"excerpt":{"rendered":"<p>Vous vous posez peut-\u00eatre la question des \u00e9changes entre Grands donneurs d\u2019ordre bancaires et entreprises en France comme \u00e0 l\u2019international. Le moment est venu de vous \u00e9clairer sur ce th\u00e8me tr\u00e8s souvent per\u00e7u \u00e0 tort comme opaque ou r\u00e9serv\u00e9 \u00e0 des \u00e9lites techniques.<\/p>\n","protected":false},"author":1,"featured_media":505,"parent":14,"menu_order":16,"comment_status":"closed","ping_status":"closed","template":"page-profil.php","meta":{"_monsterinsights_skip_tracking":false,"_monsterinsights_sitenote_active":false,"_monsterinsights_sitenote_note":"","_monsterinsights_sitenote_category":0,"footnotes":""},"class_list":["post-26","page","type-page","status-publish","has-post-thumbnail","hentry"],"acf":[],"yoast_head":"<!-- This site is optimized with the Yoast SEO plugin v17.8 - https:\/\/yoast.com\/wordpress\/plugins\/seo\/ -->\n<title>Universitaire - Otonet Lab<\/title>\n<meta name=\"robots\" content=\"index, follow, max-snippet:-1, max-image-preview:large, max-video-preview:-1\" \/>\n<link rel=\"canonical\" href=\"https:\/\/otonet-lab.com\/fr\/vous-etes\/universitaire\/\" \/>\n<meta property=\"og:locale\" content=\"fr_FR\" \/>\n<meta property=\"og:type\" content=\"article\" \/>\n<meta property=\"og:title\" content=\"Universitaire - Otonet Lab\" \/>\n<meta property=\"og:description\" content=\"Vous vous posez peut-\u00eatre la question des \u00e9changes entre Grands donneurs d\u2019ordre bancaires et entreprises en France comme \u00e0 l\u2019international. Le moment est venu de vous \u00e9clairer sur ce th\u00e8me tr\u00e8s souvent per\u00e7u \u00e0 tort comme opaque ou r\u00e9serv\u00e9 \u00e0 des \u00e9lites techniques.\" \/>\n<meta property=\"og:url\" content=\"https:\/\/otonet-lab.com\/fr\/vous-etes\/universitaire\/\" \/>\n<meta property=\"og:site_name\" content=\"Otonet Lab\" \/>\n<meta property=\"article:modified_time\" content=\"2022-08-18T13:22:14+00:00\" \/>\n<meta property=\"og:image\" content=\"https:\/\/otonet-lab.com\/wp-content\/uploads\/2022\/08\/University.jpg\" \/>\n\t<meta property=\"og:image:width\" content=\"672\" \/>\n\t<meta property=\"og:image:height\" content=\"448\" \/>\n<meta name=\"twitter:card\" content=\"summary_large_image\" \/>\n<script type=\"application\/ld+json\" class=\"yoast-schema-graph\">{\"@context\":\"https:\/\/schema.org\",\"@graph\":[{\"@type\":\"Organization\",\"@id\":\"https:\/\/otonet-lab.com\/fr\/#organization\",\"name\":\"OTONET SARL\",\"url\":\"https:\/\/otonet-lab.com\/fr\/\",\"sameAs\":[],\"logo\":{\"@type\":\"ImageObject\",\"@id\":\"https:\/\/otonet-lab.com\/fr\/#logo\",\"inLanguage\":\"fr-FR\",\"url\":\"https:\/\/otonet-lab.com\/wp-content\/uploads\/2023\/03\/default.jpg\",\"contentUrl\":\"https:\/\/otonet-lab.com\/wp-content\/uploads\/2023\/03\/default.jpg\",\"width\":1500,\"height\":788,\"caption\":\"OTONET SARL\"},\"image\":{\"@id\":\"https:\/\/otonet-lab.com\/fr\/#logo\"}},{\"@type\":\"WebSite\",\"@id\":\"https:\/\/otonet-lab.com\/fr\/#website\",\"url\":\"https:\/\/otonet-lab.com\/fr\/\",\"name\":\"Otonet Lab\",\"description\":\"Paving the way for the future of corporate data\",\"publisher\":{\"@id\":\"https:\/\/otonet-lab.com\/fr\/#organization\"},\"potentialAction\":[{\"@type\":\"SearchAction\",\"target\":{\"@type\":\"EntryPoint\",\"urlTemplate\":\"https:\/\/otonet-lab.com\/fr\/?s={search_term_string}\"},\"query-input\":\"required name=search_term_string\"}],\"inLanguage\":\"fr-FR\"},{\"@type\":\"ImageObject\",\"@id\":\"https:\/\/otonet-lab.com\/fr\/vous-etes\/universitaire\/#primaryimage\",\"inLanguage\":\"fr-FR\",\"url\":\"https:\/\/otonet-lab.com\/wp-content\/uploads\/2022\/08\/University.jpg\",\"contentUrl\":\"https:\/\/otonet-lab.com\/wp-content\/uploads\/2022\/08\/University.jpg\",\"width\":672,\"height\":448},{\"@type\":\"WebPage\",\"@id\":\"https:\/\/otonet-lab.com\/fr\/vous-etes\/universitaire\/#webpage\",\"url\":\"https:\/\/otonet-lab.com\/fr\/vous-etes\/universitaire\/\",\"name\":\"Universitaire - Otonet Lab\",\"isPartOf\":{\"@id\":\"https:\/\/otonet-lab.com\/fr\/#website\"},\"primaryImageOfPage\":{\"@id\":\"https:\/\/otonet-lab.com\/fr\/vous-etes\/universitaire\/#primaryimage\"},\"datePublished\":\"2022-01-11T18:16:32+00:00\",\"dateModified\":\"2022-08-18T13:22:14+00:00\",\"breadcrumb\":{\"@id\":\"https:\/\/otonet-lab.com\/fr\/vous-etes\/universitaire\/#breadcrumb\"},\"inLanguage\":\"fr-FR\",\"potentialAction\":[{\"@type\":\"ReadAction\",\"target\":[\"https:\/\/otonet-lab.com\/fr\/vous-etes\/universitaire\/\"]}]},{\"@type\":\"BreadcrumbList\",\"@id\":\"https:\/\/otonet-lab.com\/fr\/vous-etes\/universitaire\/#breadcrumb\",\"itemListElement\":[{\"@type\":\"ListItem\",\"position\":1,\"name\":\"Accueil\",\"item\":\"https:\/\/otonet-lab.com\/fr\/\"},{\"@type\":\"ListItem\",\"position\":2,\"name\":\"Vous \\u00eates un (ou une)\",\"item\":\"https:\/\/otonet-lab.com\/fr\/vous-etes\/\"},{\"@type\":\"ListItem\",\"position\":3,\"name\":\"Universitaire\"}]}]}<\/script>\n<!-- \/ Yoast SEO plugin. -->","yoast_head_json":{"title":"Universitaire - Otonet Lab","robots":{"index":"index","follow":"follow","max-snippet":"max-snippet:-1","max-image-preview":"max-image-preview:large","max-video-preview":"max-video-preview:-1"},"canonical":"https:\/\/otonet-lab.com\/fr\/vous-etes\/universitaire\/","og_locale":"fr_FR","og_type":"article","og_title":"Universitaire - Otonet Lab","og_description":"Vous vous posez peut-\u00eatre la question des \u00e9changes entre Grands donneurs d\u2019ordre bancaires et entreprises en France comme \u00e0 l\u2019international. Le moment est venu de vous \u00e9clairer sur ce th\u00e8me tr\u00e8s souvent per\u00e7u \u00e0 tort comme opaque ou r\u00e9serv\u00e9 \u00e0 des \u00e9lites techniques.","og_url":"https:\/\/otonet-lab.com\/fr\/vous-etes\/universitaire\/","og_site_name":"Otonet Lab","article_modified_time":"2022-08-18T13:22:14+00:00","og_image":[{"width":672,"height":448,"url":"https:\/\/otonet-lab.com\/wp-content\/uploads\/2022\/08\/University.jpg","type":"image\/jpeg"}],"twitter_card":"summary_large_image","schema":{"@context":"https:\/\/schema.org","@graph":[{"@type":"Organization","@id":"https:\/\/otonet-lab.com\/fr\/#organization","name":"OTONET SARL","url":"https:\/\/otonet-lab.com\/fr\/","sameAs":[],"logo":{"@type":"ImageObject","@id":"https:\/\/otonet-lab.com\/fr\/#logo","inLanguage":"fr-FR","url":"https:\/\/otonet-lab.com\/wp-content\/uploads\/2023\/03\/default.jpg","contentUrl":"https:\/\/otonet-lab.com\/wp-content\/uploads\/2023\/03\/default.jpg","width":1500,"height":788,"caption":"OTONET SARL"},"image":{"@id":"https:\/\/otonet-lab.com\/fr\/#logo"}},{"@type":"WebSite","@id":"https:\/\/otonet-lab.com\/fr\/#website","url":"https:\/\/otonet-lab.com\/fr\/","name":"Otonet Lab","description":"Paving the way for the future of corporate data","publisher":{"@id":"https:\/\/otonet-lab.com\/fr\/#organization"},"potentialAction":[{"@type":"SearchAction","target":{"@type":"EntryPoint","urlTemplate":"https:\/\/otonet-lab.com\/fr\/?s={search_term_string}"},"query-input":"required name=search_term_string"}],"inLanguage":"fr-FR"},{"@type":"ImageObject","@id":"https:\/\/otonet-lab.com\/fr\/vous-etes\/universitaire\/#primaryimage","inLanguage":"fr-FR","url":"https:\/\/otonet-lab.com\/wp-content\/uploads\/2022\/08\/University.jpg","contentUrl":"https:\/\/otonet-lab.com\/wp-content\/uploads\/2022\/08\/University.jpg","width":672,"height":448},{"@type":"WebPage","@id":"https:\/\/otonet-lab.com\/fr\/vous-etes\/universitaire\/#webpage","url":"https:\/\/otonet-lab.com\/fr\/vous-etes\/universitaire\/","name":"Universitaire - Otonet Lab","isPartOf":{"@id":"https:\/\/otonet-lab.com\/fr\/#website"},"primaryImageOfPage":{"@id":"https:\/\/otonet-lab.com\/fr\/vous-etes\/universitaire\/#primaryimage"},"datePublished":"2022-01-11T18:16:32+00:00","dateModified":"2022-08-18T13:22:14+00:00","breadcrumb":{"@id":"https:\/\/otonet-lab.com\/fr\/vous-etes\/universitaire\/#breadcrumb"},"inLanguage":"fr-FR","potentialAction":[{"@type":"ReadAction","target":["https:\/\/otonet-lab.com\/fr\/vous-etes\/universitaire\/"]}]},{"@type":"BreadcrumbList","@id":"https:\/\/otonet-lab.com\/fr\/vous-etes\/universitaire\/#breadcrumb","itemListElement":[{"@type":"ListItem","position":1,"name":"Accueil","item":"https:\/\/otonet-lab.com\/fr\/"},{"@type":"ListItem","position":2,"name":"Vous \u00eates un (ou une)","item":"https:\/\/otonet-lab.com\/fr\/vous-etes\/"},{"@type":"ListItem","position":3,"name":"Universitaire"}]}]}},"_links":{"self":[{"href":"https:\/\/otonet-lab.com\/fr\/wp-json\/wp\/v2\/pages\/26","targetHints":{"allow":["GET"]}}],"collection":[{"href":"https:\/\/otonet-lab.com\/fr\/wp-json\/wp\/v2\/pages"}],"about":[{"href":"https:\/\/otonet-lab.com\/fr\/wp-json\/wp\/v2\/types\/page"}],"author":[{"embeddable":true,"href":"https:\/\/otonet-lab.com\/fr\/wp-json\/wp\/v2\/users\/1"}],"replies":[{"embeddable":true,"href":"https:\/\/otonet-lab.com\/fr\/wp-json\/wp\/v2\/comments?post=26"}],"version-history":[{"count":9,"href":"https:\/\/otonet-lab.com\/fr\/wp-json\/wp\/v2\/pages\/26\/revisions"}],"predecessor-version":[{"id":517,"href":"https:\/\/otonet-lab.com\/fr\/wp-json\/wp\/v2\/pages\/26\/revisions\/517"}],"up":[{"embeddable":true,"href":"https:\/\/otonet-lab.com\/fr\/wp-json\/wp\/v2\/pages\/14"}],"wp:featuredmedia":[{"embeddable":true,"href":"https:\/\/otonet-lab.com\/fr\/wp-json\/wp\/v2\/media\/505"}],"wp:attachment":[{"href":"https:\/\/otonet-lab.com\/fr\/wp-json\/wp\/v2\/media?parent=26"}],"curies":[{"name":"wp","href":"https:\/\/api.w.org\/{rel}","templated":true}]}}