{"id":34,"date":"2022-01-11T19:17:13","date_gmt":"2022-01-11T18:17:13","guid":{"rendered":"http:\/\/otonet.jeremybornerand.fr\/?page_id=34"},"modified":"2023-02-27T17:43:14","modified_gmt":"2023-02-27T16:43:14","slug":"marche","status":"publish","type":"page","link":"https:\/\/otonet-lab.com\/fr\/marche\/","title":{"rendered":"March\u00e9"},"content":{"rendered":"<h3 class=\"p1\"><span class=\"s1\">March\u00e9 des transferts de fichiers<br \/>\n<\/span><\/h3>\n<p><span style=\"font-weight: 400;\">En d\u00e9pit des opinions de diff\u00e9rents experts IT annon\u00e7ant depuis des ann\u00e9es l\u2019effondrement imminent du march\u00e9 des logiciels de\u00a0 transfert de fichiers dans directions de services informatique, on observe que le nombre des transferts augmente r\u00e9guli\u00e8rement. En m\u00eame temps, des besoins de nouvelles fonctionnalit\u00e9s apparaissent et deviennent indispensables. Les demandes nouvelles qui nous arrivent de plus en plus souvent concernent des possibilit\u00e9s d\u2019envoi non seulement des fichiers mais aussi des objets s\u00e9rialisables stock\u00e9s\u00a0 dans le Cloud ou dans les FS\u00a0 locaux donc des \u00e9changes InputStream -&gt; OutputStream , de prise en compte de conversions de code de donn\u00e9es unicode, etc. \u2026 Ca signifie que le march\u00e9 de transferts de fichiers (et pas seulement) est toujours l\u00e0, il \u00e9volue et il accro\u00eet mais les \u00e9diteurs des logiciels de ce type de logiciels doivent rester vigilants pour pouvoir r\u00e9pondre aux nouveaux besoins tout en gardant la compatibilit\u00e9 avec des solutions utilis\u00e9es par des nombreux partenaires d\u2019\u00e9changes.\u00a0\u00a0\u00a0\u00a0<\/span><\/p>\n","protected":false},"excerpt":{"rendered":"<p>March\u00e9 des transferts de fichiers En d\u00e9pit des opinions de diff\u00e9rents experts IT annon\u00e7ant depuis des ann\u00e9es l\u2019effondrement imminent du march\u00e9 des logiciels de\u00a0 transfert de fichiers dans directions de services informatique, on observe que le nombre des transferts augmente r\u00e9guli\u00e8rement. En m\u00eame temps, des besoins de nouvelles fonctionnalit\u00e9s apparaissent et deviennent indispensables. Les demandes &hellip; <\/p>\n<p class=\"link-more\"><a href=\"https:\/\/otonet-lab.com\/fr\/marche\/\" class=\"more-link\">Continue reading<span class=\"screen-reader-text\"> \u00ab\u00a0March\u00e9\u00a0\u00bb<\/span><\/a><\/p>\n","protected":false},"author":1,"featured_media":0,"parent":0,"menu_order":27,"comment_status":"closed","ping_status":"closed","template":"","meta":{"_monsterinsights_skip_tracking":false,"_monsterinsights_sitenote_active":false,"_monsterinsights_sitenote_note":"","_monsterinsights_sitenote_category":0,"footnotes":""},"class_list":["post-34","page","type-page","status-publish","hentry"],"acf":[],"yoast_head":"<!-- This site is optimized with the Yoast SEO plugin v17.8 - https:\/\/yoast.com\/wordpress\/plugins\/seo\/ -->\n<title>March\u00e9 - Otonet Lab<\/title>\n<meta name=\"robots\" content=\"index, follow, max-snippet:-1, max-image-preview:large, max-video-preview:-1\" \/>\n<link rel=\"canonical\" href=\"https:\/\/otonet-lab.com\/fr\/marche\/\" \/>\n<meta property=\"og:locale\" content=\"fr_FR\" \/>\n<meta property=\"og:type\" content=\"article\" \/>\n<meta property=\"og:title\" content=\"March\u00e9 - Otonet Lab\" \/>\n<meta property=\"og:description\" content=\"March\u00e9 des transferts de fichiers En d\u00e9pit des opinions de diff\u00e9rents experts IT annon\u00e7ant depuis des ann\u00e9es l\u2019effondrement imminent du march\u00e9 des logiciels de\u00a0 transfert de fichiers dans directions de services informatique, on observe que le nombre des transferts augmente r\u00e9guli\u00e8rement. En m\u00eame temps, des besoins de nouvelles fonctionnalit\u00e9s apparaissent et deviennent indispensables. Les demandes &hellip; Continue reading &quot;March\u00e9&quot;\" \/>\n<meta property=\"og:url\" content=\"https:\/\/otonet-lab.com\/fr\/marche\/\" \/>\n<meta property=\"og:site_name\" content=\"Otonet Lab\" \/>\n<meta property=\"article:modified_time\" content=\"2023-02-27T16:43:14+00:00\" \/>\n<meta property=\"og:image\" content=\"https:\/\/otonet-lab.com\/wp-content\/uploads\/2023\/03\/default.jpg\" \/>\n\t<meta property=\"og:image:width\" content=\"1500\" \/>\n\t<meta property=\"og:image:height\" content=\"788\" \/>\n<meta name=\"twitter:card\" content=\"summary_large_image\" \/>\n<meta name=\"twitter:label1\" content=\"Dur\u00e9e de lecture estim\u00e9e\" \/>\n\t<meta name=\"twitter:data1\" content=\"1 minute\" \/>\n<script type=\"application\/ld+json\" class=\"yoast-schema-graph\">{\"@context\":\"https:\/\/schema.org\",\"@graph\":[{\"@type\":\"Organization\",\"@id\":\"https:\/\/otonet-lab.com\/fr\/#organization\",\"name\":\"OTONET SARL\",\"url\":\"https:\/\/otonet-lab.com\/fr\/\",\"sameAs\":[],\"logo\":{\"@type\":\"ImageObject\",\"@id\":\"https:\/\/otonet-lab.com\/fr\/#logo\",\"inLanguage\":\"fr-FR\",\"url\":\"https:\/\/otonet-lab.com\/wp-content\/uploads\/2023\/03\/default.jpg\",\"contentUrl\":\"https:\/\/otonet-lab.com\/wp-content\/uploads\/2023\/03\/default.jpg\",\"width\":1500,\"height\":788,\"caption\":\"OTONET SARL\"},\"image\":{\"@id\":\"https:\/\/otonet-lab.com\/fr\/#logo\"}},{\"@type\":\"WebSite\",\"@id\":\"https:\/\/otonet-lab.com\/fr\/#website\",\"url\":\"https:\/\/otonet-lab.com\/fr\/\",\"name\":\"Otonet Lab\",\"description\":\"Paving the way for the future of corporate data\",\"publisher\":{\"@id\":\"https:\/\/otonet-lab.com\/fr\/#organization\"},\"potentialAction\":[{\"@type\":\"SearchAction\",\"target\":{\"@type\":\"EntryPoint\",\"urlTemplate\":\"https:\/\/otonet-lab.com\/fr\/?s={search_term_string}\"},\"query-input\":\"required name=search_term_string\"}],\"inLanguage\":\"fr-FR\"},{\"@type\":\"WebPage\",\"@id\":\"https:\/\/otonet-lab.com\/fr\/marche\/#webpage\",\"url\":\"https:\/\/otonet-lab.com\/fr\/marche\/\",\"name\":\"March\\u00e9 - Otonet Lab\",\"isPartOf\":{\"@id\":\"https:\/\/otonet-lab.com\/fr\/#website\"},\"datePublished\":\"2022-01-11T18:17:13+00:00\",\"dateModified\":\"2023-02-27T16:43:14+00:00\",\"breadcrumb\":{\"@id\":\"https:\/\/otonet-lab.com\/fr\/marche\/#breadcrumb\"},\"inLanguage\":\"fr-FR\",\"potentialAction\":[{\"@type\":\"ReadAction\",\"target\":[\"https:\/\/otonet-lab.com\/fr\/marche\/\"]}]},{\"@type\":\"BreadcrumbList\",\"@id\":\"https:\/\/otonet-lab.com\/fr\/marche\/#breadcrumb\",\"itemListElement\":[{\"@type\":\"ListItem\",\"position\":1,\"name\":\"Accueil\",\"item\":\"https:\/\/otonet-lab.com\/fr\/\"},{\"@type\":\"ListItem\",\"position\":2,\"name\":\"March\\u00e9\"}]}]}<\/script>\n<!-- \/ Yoast SEO plugin. -->","yoast_head_json":{"title":"March\u00e9 - Otonet Lab","robots":{"index":"index","follow":"follow","max-snippet":"max-snippet:-1","max-image-preview":"max-image-preview:large","max-video-preview":"max-video-preview:-1"},"canonical":"https:\/\/otonet-lab.com\/fr\/marche\/","og_locale":"fr_FR","og_type":"article","og_title":"March\u00e9 - Otonet Lab","og_description":"March\u00e9 des transferts de fichiers En d\u00e9pit des opinions de diff\u00e9rents experts IT annon\u00e7ant depuis des ann\u00e9es l\u2019effondrement imminent du march\u00e9 des logiciels de\u00a0 transfert de fichiers dans directions de services informatique, on observe que le nombre des transferts augmente r\u00e9guli\u00e8rement. En m\u00eame temps, des besoins de nouvelles fonctionnalit\u00e9s apparaissent et deviennent indispensables. Les demandes &hellip; Continue reading \"March\u00e9\"","og_url":"https:\/\/otonet-lab.com\/fr\/marche\/","og_site_name":"Otonet Lab","article_modified_time":"2023-02-27T16:43:14+00:00","og_image":[{"width":1500,"height":788,"url":"https:\/\/otonet-lab.com\/wp-content\/uploads\/2023\/03\/default.jpg","type":"image\/jpeg"}],"twitter_card":"summary_large_image","twitter_misc":{"Dur\u00e9e de lecture estim\u00e9e":"1 minute"},"schema":{"@context":"https:\/\/schema.org","@graph":[{"@type":"Organization","@id":"https:\/\/otonet-lab.com\/fr\/#organization","name":"OTONET SARL","url":"https:\/\/otonet-lab.com\/fr\/","sameAs":[],"logo":{"@type":"ImageObject","@id":"https:\/\/otonet-lab.com\/fr\/#logo","inLanguage":"fr-FR","url":"https:\/\/otonet-lab.com\/wp-content\/uploads\/2023\/03\/default.jpg","contentUrl":"https:\/\/otonet-lab.com\/wp-content\/uploads\/2023\/03\/default.jpg","width":1500,"height":788,"caption":"OTONET SARL"},"image":{"@id":"https:\/\/otonet-lab.com\/fr\/#logo"}},{"@type":"WebSite","@id":"https:\/\/otonet-lab.com\/fr\/#website","url":"https:\/\/otonet-lab.com\/fr\/","name":"Otonet Lab","description":"Paving the way for the future of corporate data","publisher":{"@id":"https:\/\/otonet-lab.com\/fr\/#organization"},"potentialAction":[{"@type":"SearchAction","target":{"@type":"EntryPoint","urlTemplate":"https:\/\/otonet-lab.com\/fr\/?s={search_term_string}"},"query-input":"required name=search_term_string"}],"inLanguage":"fr-FR"},{"@type":"WebPage","@id":"https:\/\/otonet-lab.com\/fr\/marche\/#webpage","url":"https:\/\/otonet-lab.com\/fr\/marche\/","name":"March\u00e9 - Otonet Lab","isPartOf":{"@id":"https:\/\/otonet-lab.com\/fr\/#website"},"datePublished":"2022-01-11T18:17:13+00:00","dateModified":"2023-02-27T16:43:14+00:00","breadcrumb":{"@id":"https:\/\/otonet-lab.com\/fr\/marche\/#breadcrumb"},"inLanguage":"fr-FR","potentialAction":[{"@type":"ReadAction","target":["https:\/\/otonet-lab.com\/fr\/marche\/"]}]},{"@type":"BreadcrumbList","@id":"https:\/\/otonet-lab.com\/fr\/marche\/#breadcrumb","itemListElement":[{"@type":"ListItem","position":1,"name":"Accueil","item":"https:\/\/otonet-lab.com\/fr\/"},{"@type":"ListItem","position":2,"name":"March\u00e9"}]}]}},"_links":{"self":[{"href":"https:\/\/otonet-lab.com\/fr\/wp-json\/wp\/v2\/pages\/34","targetHints":{"allow":["GET"]}}],"collection":[{"href":"https:\/\/otonet-lab.com\/fr\/wp-json\/wp\/v2\/pages"}],"about":[{"href":"https:\/\/otonet-lab.com\/fr\/wp-json\/wp\/v2\/types\/page"}],"author":[{"embeddable":true,"href":"https:\/\/otonet-lab.com\/fr\/wp-json\/wp\/v2\/users\/1"}],"replies":[{"embeddable":true,"href":"https:\/\/otonet-lab.com\/fr\/wp-json\/wp\/v2\/comments?post=34"}],"version-history":[{"count":11,"href":"https:\/\/otonet-lab.com\/fr\/wp-json\/wp\/v2\/pages\/34\/revisions"}],"predecessor-version":[{"id":889,"href":"https:\/\/otonet-lab.com\/fr\/wp-json\/wp\/v2\/pages\/34\/revisions\/889"}],"wp:attachment":[{"href":"https:\/\/otonet-lab.com\/fr\/wp-json\/wp\/v2\/media?parent=34"}],"curies":[{"name":"wp","href":"https:\/\/api.w.org\/{rel}","templated":true}]}}