{"id":36,"date":"2022-01-11T19:17:18","date_gmt":"2022-01-11T18:17:18","guid":{"rendered":"http:\/\/otonet.jeremybornerand.fr\/?page_id=36"},"modified":"2023-03-06T20:40:14","modified_gmt":"2023-03-06T19:40:14","slug":"support","status":"publish","type":"page","link":"https:\/\/otonet-lab.com\/fr\/support\/","title":{"rendered":"Support"},"content":{"rendered":"<p class=\"p1\">Vous \u00eates client Otonet et vous souhaitez \u00eatre assist\u00e9 par notre service de support ? &#8211; Connectez le.<br \/>\nUn technicien va prendre en compte votre message et vous contactera pour bien\u00a0 identifier vos besoins et vous apporter toute son aide n\u00e9cessaire pour bon fonctionnement de nos produits.<\/p>\n","protected":false},"excerpt":{"rendered":"<p>Vous \u00eates client Otonet et vous souhaitez \u00eatre assist\u00e9 par notre service de support ? &#8211; Connectez le. Un technicien va prendre en compte votre message et vous contactera pour bien\u00a0 identifier vos besoins et vous apporter toute son aide n\u00e9cessaire pour bon fonctionnement de nos produits.<\/p>\n","protected":false},"author":1,"featured_media":0,"parent":0,"menu_order":29,"comment_status":"closed","ping_status":"closed","template":"page-faq.php","meta":{"_monsterinsights_skip_tracking":false,"_monsterinsights_sitenote_active":false,"_monsterinsights_sitenote_note":"","_monsterinsights_sitenote_category":0,"footnotes":""},"class_list":["post-36","page","type-page","status-publish","hentry"],"acf":[],"yoast_head":"<!-- This site is optimized with the Yoast SEO plugin v17.8 - https:\/\/yoast.com\/wordpress\/plugins\/seo\/ -->\n<title>Support - Otonet Lab<\/title>\n<meta name=\"robots\" content=\"index, follow, max-snippet:-1, max-image-preview:large, max-video-preview:-1\" \/>\n<link rel=\"canonical\" href=\"https:\/\/otonet-lab.com\/fr\/support\/\" \/>\n<meta property=\"og:locale\" content=\"fr_FR\" \/>\n<meta property=\"og:type\" content=\"article\" \/>\n<meta property=\"og:title\" content=\"Support - Otonet Lab\" \/>\n<meta property=\"og:description\" content=\"Vous \u00eates client Otonet et vous souhaitez \u00eatre assist\u00e9 par notre service de support ? &#8211; Connectez le. Un technicien va prendre en compte votre message et vous contactera pour bien\u00a0 identifier vos besoins et vous apporter toute son aide n\u00e9cessaire pour bon fonctionnement de nos produits.\" \/>\n<meta property=\"og:url\" content=\"https:\/\/otonet-lab.com\/fr\/support\/\" \/>\n<meta property=\"og:site_name\" content=\"Otonet Lab\" \/>\n<meta property=\"article:modified_time\" content=\"2023-03-06T19:40:14+00:00\" \/>\n<meta property=\"og:image\" content=\"https:\/\/otonet-lab.com\/wp-content\/uploads\/2023\/03\/default.jpg\" \/>\n\t<meta property=\"og:image:width\" content=\"1500\" \/>\n\t<meta property=\"og:image:height\" content=\"788\" \/>\n<meta name=\"twitter:card\" content=\"summary_large_image\" \/>\n<script type=\"application\/ld+json\" class=\"yoast-schema-graph\">{\"@context\":\"https:\/\/schema.org\",\"@graph\":[{\"@type\":\"Organization\",\"@id\":\"https:\/\/otonet-lab.com\/fr\/#organization\",\"name\":\"OTONET SARL\",\"url\":\"https:\/\/otonet-lab.com\/fr\/\",\"sameAs\":[],\"logo\":{\"@type\":\"ImageObject\",\"@id\":\"https:\/\/otonet-lab.com\/fr\/#logo\",\"inLanguage\":\"fr-FR\",\"url\":\"https:\/\/otonet-lab.com\/wp-content\/uploads\/2023\/03\/default.jpg\",\"contentUrl\":\"https:\/\/otonet-lab.com\/wp-content\/uploads\/2023\/03\/default.jpg\",\"width\":1500,\"height\":788,\"caption\":\"OTONET SARL\"},\"image\":{\"@id\":\"https:\/\/otonet-lab.com\/fr\/#logo\"}},{\"@type\":\"WebSite\",\"@id\":\"https:\/\/otonet-lab.com\/fr\/#website\",\"url\":\"https:\/\/otonet-lab.com\/fr\/\",\"name\":\"Otonet Lab\",\"description\":\"Paving the way for the future of corporate data\",\"publisher\":{\"@id\":\"https:\/\/otonet-lab.com\/fr\/#organization\"},\"potentialAction\":[{\"@type\":\"SearchAction\",\"target\":{\"@type\":\"EntryPoint\",\"urlTemplate\":\"https:\/\/otonet-lab.com\/fr\/?s={search_term_string}\"},\"query-input\":\"required name=search_term_string\"}],\"inLanguage\":\"fr-FR\"},{\"@type\":\"WebPage\",\"@id\":\"https:\/\/otonet-lab.com\/fr\/support\/#webpage\",\"url\":\"https:\/\/otonet-lab.com\/fr\/support\/\",\"name\":\"Support - Otonet Lab\",\"isPartOf\":{\"@id\":\"https:\/\/otonet-lab.com\/fr\/#website\"},\"datePublished\":\"2022-01-11T18:17:18+00:00\",\"dateModified\":\"2023-03-06T19:40:14+00:00\",\"breadcrumb\":{\"@id\":\"https:\/\/otonet-lab.com\/fr\/support\/#breadcrumb\"},\"inLanguage\":\"fr-FR\",\"potentialAction\":[{\"@type\":\"ReadAction\",\"target\":[\"https:\/\/otonet-lab.com\/fr\/support\/\"]}]},{\"@type\":\"BreadcrumbList\",\"@id\":\"https:\/\/otonet-lab.com\/fr\/support\/#breadcrumb\",\"itemListElement\":[{\"@type\":\"ListItem\",\"position\":1,\"name\":\"Accueil\",\"item\":\"https:\/\/otonet-lab.com\/fr\/\"},{\"@type\":\"ListItem\",\"position\":2,\"name\":\"Support\"}]}]}<\/script>\n<!-- \/ Yoast SEO plugin. -->","yoast_head_json":{"title":"Support - Otonet Lab","robots":{"index":"index","follow":"follow","max-snippet":"max-snippet:-1","max-image-preview":"max-image-preview:large","max-video-preview":"max-video-preview:-1"},"canonical":"https:\/\/otonet-lab.com\/fr\/support\/","og_locale":"fr_FR","og_type":"article","og_title":"Support - Otonet Lab","og_description":"Vous \u00eates client Otonet et vous souhaitez \u00eatre assist\u00e9 par notre service de support ? &#8211; Connectez le. Un technicien va prendre en compte votre message et vous contactera pour bien\u00a0 identifier vos besoins et vous apporter toute son aide n\u00e9cessaire pour bon fonctionnement de nos produits.","og_url":"https:\/\/otonet-lab.com\/fr\/support\/","og_site_name":"Otonet Lab","article_modified_time":"2023-03-06T19:40:14+00:00","og_image":[{"width":1500,"height":788,"url":"https:\/\/otonet-lab.com\/wp-content\/uploads\/2023\/03\/default.jpg","type":"image\/jpeg"}],"twitter_card":"summary_large_image","schema":{"@context":"https:\/\/schema.org","@graph":[{"@type":"Organization","@id":"https:\/\/otonet-lab.com\/fr\/#organization","name":"OTONET SARL","url":"https:\/\/otonet-lab.com\/fr\/","sameAs":[],"logo":{"@type":"ImageObject","@id":"https:\/\/otonet-lab.com\/fr\/#logo","inLanguage":"fr-FR","url":"https:\/\/otonet-lab.com\/wp-content\/uploads\/2023\/03\/default.jpg","contentUrl":"https:\/\/otonet-lab.com\/wp-content\/uploads\/2023\/03\/default.jpg","width":1500,"height":788,"caption":"OTONET SARL"},"image":{"@id":"https:\/\/otonet-lab.com\/fr\/#logo"}},{"@type":"WebSite","@id":"https:\/\/otonet-lab.com\/fr\/#website","url":"https:\/\/otonet-lab.com\/fr\/","name":"Otonet Lab","description":"Paving the way for the future of corporate data","publisher":{"@id":"https:\/\/otonet-lab.com\/fr\/#organization"},"potentialAction":[{"@type":"SearchAction","target":{"@type":"EntryPoint","urlTemplate":"https:\/\/otonet-lab.com\/fr\/?s={search_term_string}"},"query-input":"required name=search_term_string"}],"inLanguage":"fr-FR"},{"@type":"WebPage","@id":"https:\/\/otonet-lab.com\/fr\/support\/#webpage","url":"https:\/\/otonet-lab.com\/fr\/support\/","name":"Support - Otonet Lab","isPartOf":{"@id":"https:\/\/otonet-lab.com\/fr\/#website"},"datePublished":"2022-01-11T18:17:18+00:00","dateModified":"2023-03-06T19:40:14+00:00","breadcrumb":{"@id":"https:\/\/otonet-lab.com\/fr\/support\/#breadcrumb"},"inLanguage":"fr-FR","potentialAction":[{"@type":"ReadAction","target":["https:\/\/otonet-lab.com\/fr\/support\/"]}]},{"@type":"BreadcrumbList","@id":"https:\/\/otonet-lab.com\/fr\/support\/#breadcrumb","itemListElement":[{"@type":"ListItem","position":1,"name":"Accueil","item":"https:\/\/otonet-lab.com\/fr\/"},{"@type":"ListItem","position":2,"name":"Support"}]}]}},"_links":{"self":[{"href":"https:\/\/otonet-lab.com\/fr\/wp-json\/wp\/v2\/pages\/36","targetHints":{"allow":["GET"]}}],"collection":[{"href":"https:\/\/otonet-lab.com\/fr\/wp-json\/wp\/v2\/pages"}],"about":[{"href":"https:\/\/otonet-lab.com\/fr\/wp-json\/wp\/v2\/types\/page"}],"author":[{"embeddable":true,"href":"https:\/\/otonet-lab.com\/fr\/wp-json\/wp\/v2\/users\/1"}],"replies":[{"embeddable":true,"href":"https:\/\/otonet-lab.com\/fr\/wp-json\/wp\/v2\/comments?post=36"}],"version-history":[{"count":20,"href":"https:\/\/otonet-lab.com\/fr\/wp-json\/wp\/v2\/pages\/36\/revisions"}],"predecessor-version":[{"id":907,"href":"https:\/\/otonet-lab.com\/fr\/wp-json\/wp\/v2\/pages\/36\/revisions\/907"}],"wp:attachment":[{"href":"https:\/\/otonet-lab.com\/fr\/wp-json\/wp\/v2\/media?parent=36"}],"curies":[{"name":"wp","href":"https:\/\/api.w.org\/{rel}","templated":true}]}}