{"id":40,"date":"2022-01-11T19:17:27","date_gmt":"2022-01-11T18:17:27","guid":{"rendered":"http:\/\/otonet.jeremybornerand.fr\/?page_id=40"},"modified":"2023-03-23T22:32:24","modified_gmt":"2023-03-23T21:32:24","slug":"nous-contacter","status":"publish","type":"page","link":"https:\/\/otonet-lab.com\/fr\/nous-contacter\/","title":{"rendered":"Nous contacter"},"content":{"rendered":"<p class=\"p1\"><span class=\"s1\">Nous nous effor\u00e7ons de r\u00e9pondre \u00e0 vos questions dans un d\u00e9lai d&rsquo;un jour ouvr\u00e9 au plus tard.<br \/>\n<\/span><\/p>\n","protected":false},"excerpt":{"rendered":"<p>Nous nous effor\u00e7ons de r\u00e9pondre \u00e0 vos questions dans un d\u00e9lai d&rsquo;un jour ouvr\u00e9 au plus tard.<\/p>\n","protected":false},"author":1,"featured_media":0,"parent":0,"menu_order":35,"comment_status":"closed","ping_status":"closed","template":"page-contact.php","meta":{"_monsterinsights_skip_tracking":false,"_monsterinsights_sitenote_active":false,"_monsterinsights_sitenote_note":"","_monsterinsights_sitenote_category":0,"footnotes":""},"class_list":["post-40","page","type-page","status-publish","hentry"],"acf":[],"yoast_head":"<!-- This site is optimized with the Yoast SEO plugin v17.8 - https:\/\/yoast.com\/wordpress\/plugins\/seo\/ -->\n<title>Nous contacter - Otonet Lab<\/title>\n<meta name=\"robots\" content=\"index, follow, max-snippet:-1, max-image-preview:large, max-video-preview:-1\" \/>\n<link rel=\"canonical\" href=\"https:\/\/otonet-lab.com\/fr\/nous-contacter\/\" \/>\n<meta property=\"og:locale\" content=\"fr_FR\" \/>\n<meta property=\"og:type\" content=\"article\" \/>\n<meta property=\"og:title\" content=\"Nous contacter - Otonet Lab\" \/>\n<meta property=\"og:description\" content=\"Nous nous effor\u00e7ons de r\u00e9pondre \u00e0 vos questions dans un d\u00e9lai d&rsquo;un jour ouvr\u00e9 au plus tard.\" \/>\n<meta property=\"og:url\" content=\"https:\/\/otonet-lab.com\/fr\/nous-contacter\/\" \/>\n<meta property=\"og:site_name\" content=\"Otonet Lab\" \/>\n<meta property=\"article:modified_time\" content=\"2023-03-23T21:32:24+00:00\" \/>\n<meta property=\"og:image\" content=\"https:\/\/otonet-lab.com\/wp-content\/uploads\/2023\/03\/default.jpg\" \/>\n\t<meta property=\"og:image:width\" content=\"1500\" \/>\n\t<meta property=\"og:image:height\" content=\"788\" \/>\n<meta name=\"twitter:card\" content=\"summary_large_image\" \/>\n<script type=\"application\/ld+json\" class=\"yoast-schema-graph\">{\"@context\":\"https:\/\/schema.org\",\"@graph\":[{\"@type\":\"Organization\",\"@id\":\"https:\/\/otonet-lab.com\/fr\/#organization\",\"name\":\"OTONET SARL\",\"url\":\"https:\/\/otonet-lab.com\/fr\/\",\"sameAs\":[],\"logo\":{\"@type\":\"ImageObject\",\"@id\":\"https:\/\/otonet-lab.com\/fr\/#logo\",\"inLanguage\":\"fr-FR\",\"url\":\"https:\/\/otonet-lab.com\/wp-content\/uploads\/2023\/03\/default.jpg\",\"contentUrl\":\"https:\/\/otonet-lab.com\/wp-content\/uploads\/2023\/03\/default.jpg\",\"width\":1500,\"height\":788,\"caption\":\"OTONET SARL\"},\"image\":{\"@id\":\"https:\/\/otonet-lab.com\/fr\/#logo\"}},{\"@type\":\"WebSite\",\"@id\":\"https:\/\/otonet-lab.com\/fr\/#website\",\"url\":\"https:\/\/otonet-lab.com\/fr\/\",\"name\":\"Otonet Lab\",\"description\":\"Paving the way for the future of corporate data\",\"publisher\":{\"@id\":\"https:\/\/otonet-lab.com\/fr\/#organization\"},\"potentialAction\":[{\"@type\":\"SearchAction\",\"target\":{\"@type\":\"EntryPoint\",\"urlTemplate\":\"https:\/\/otonet-lab.com\/fr\/?s={search_term_string}\"},\"query-input\":\"required name=search_term_string\"}],\"inLanguage\":\"fr-FR\"},{\"@type\":\"WebPage\",\"@id\":\"https:\/\/otonet-lab.com\/fr\/nous-contacter\/#webpage\",\"url\":\"https:\/\/otonet-lab.com\/fr\/nous-contacter\/\",\"name\":\"Nous contacter - Otonet Lab\",\"isPartOf\":{\"@id\":\"https:\/\/otonet-lab.com\/fr\/#website\"},\"datePublished\":\"2022-01-11T18:17:27+00:00\",\"dateModified\":\"2023-03-23T21:32:24+00:00\",\"breadcrumb\":{\"@id\":\"https:\/\/otonet-lab.com\/fr\/nous-contacter\/#breadcrumb\"},\"inLanguage\":\"fr-FR\",\"potentialAction\":[{\"@type\":\"ReadAction\",\"target\":[\"https:\/\/otonet-lab.com\/fr\/nous-contacter\/\"]}]},{\"@type\":\"BreadcrumbList\",\"@id\":\"https:\/\/otonet-lab.com\/fr\/nous-contacter\/#breadcrumb\",\"itemListElement\":[{\"@type\":\"ListItem\",\"position\":1,\"name\":\"Accueil\",\"item\":\"https:\/\/otonet-lab.com\/fr\/\"},{\"@type\":\"ListItem\",\"position\":2,\"name\":\"Nous contacter\"}]}]}<\/script>\n<!-- \/ Yoast SEO plugin. -->","yoast_head_json":{"title":"Nous contacter - Otonet Lab","robots":{"index":"index","follow":"follow","max-snippet":"max-snippet:-1","max-image-preview":"max-image-preview:large","max-video-preview":"max-video-preview:-1"},"canonical":"https:\/\/otonet-lab.com\/fr\/nous-contacter\/","og_locale":"fr_FR","og_type":"article","og_title":"Nous contacter - Otonet Lab","og_description":"Nous nous effor\u00e7ons de r\u00e9pondre \u00e0 vos questions dans un d\u00e9lai d&rsquo;un jour ouvr\u00e9 au plus tard.","og_url":"https:\/\/otonet-lab.com\/fr\/nous-contacter\/","og_site_name":"Otonet Lab","article_modified_time":"2023-03-23T21:32:24+00:00","og_image":[{"width":1500,"height":788,"url":"https:\/\/otonet-lab.com\/wp-content\/uploads\/2023\/03\/default.jpg","type":"image\/jpeg"}],"twitter_card":"summary_large_image","schema":{"@context":"https:\/\/schema.org","@graph":[{"@type":"Organization","@id":"https:\/\/otonet-lab.com\/fr\/#organization","name":"OTONET SARL","url":"https:\/\/otonet-lab.com\/fr\/","sameAs":[],"logo":{"@type":"ImageObject","@id":"https:\/\/otonet-lab.com\/fr\/#logo","inLanguage":"fr-FR","url":"https:\/\/otonet-lab.com\/wp-content\/uploads\/2023\/03\/default.jpg","contentUrl":"https:\/\/otonet-lab.com\/wp-content\/uploads\/2023\/03\/default.jpg","width":1500,"height":788,"caption":"OTONET SARL"},"image":{"@id":"https:\/\/otonet-lab.com\/fr\/#logo"}},{"@type":"WebSite","@id":"https:\/\/otonet-lab.com\/fr\/#website","url":"https:\/\/otonet-lab.com\/fr\/","name":"Otonet Lab","description":"Paving the way for the future of corporate data","publisher":{"@id":"https:\/\/otonet-lab.com\/fr\/#organization"},"potentialAction":[{"@type":"SearchAction","target":{"@type":"EntryPoint","urlTemplate":"https:\/\/otonet-lab.com\/fr\/?s={search_term_string}"},"query-input":"required name=search_term_string"}],"inLanguage":"fr-FR"},{"@type":"WebPage","@id":"https:\/\/otonet-lab.com\/fr\/nous-contacter\/#webpage","url":"https:\/\/otonet-lab.com\/fr\/nous-contacter\/","name":"Nous contacter - Otonet Lab","isPartOf":{"@id":"https:\/\/otonet-lab.com\/fr\/#website"},"datePublished":"2022-01-11T18:17:27+00:00","dateModified":"2023-03-23T21:32:24+00:00","breadcrumb":{"@id":"https:\/\/otonet-lab.com\/fr\/nous-contacter\/#breadcrumb"},"inLanguage":"fr-FR","potentialAction":[{"@type":"ReadAction","target":["https:\/\/otonet-lab.com\/fr\/nous-contacter\/"]}]},{"@type":"BreadcrumbList","@id":"https:\/\/otonet-lab.com\/fr\/nous-contacter\/#breadcrumb","itemListElement":[{"@type":"ListItem","position":1,"name":"Accueil","item":"https:\/\/otonet-lab.com\/fr\/"},{"@type":"ListItem","position":2,"name":"Nous contacter"}]}]}},"_links":{"self":[{"href":"https:\/\/otonet-lab.com\/fr\/wp-json\/wp\/v2\/pages\/40","targetHints":{"allow":["GET"]}}],"collection":[{"href":"https:\/\/otonet-lab.com\/fr\/wp-json\/wp\/v2\/pages"}],"about":[{"href":"https:\/\/otonet-lab.com\/fr\/wp-json\/wp\/v2\/types\/page"}],"author":[{"embeddable":true,"href":"https:\/\/otonet-lab.com\/fr\/wp-json\/wp\/v2\/users\/1"}],"replies":[{"embeddable":true,"href":"https:\/\/otonet-lab.com\/fr\/wp-json\/wp\/v2\/comments?post=40"}],"version-history":[{"count":8,"href":"https:\/\/otonet-lab.com\/fr\/wp-json\/wp\/v2\/pages\/40\/revisions"}],"predecessor-version":[{"id":947,"href":"https:\/\/otonet-lab.com\/fr\/wp-json\/wp\/v2\/pages\/40\/revisions\/947"}],"wp:attachment":[{"href":"https:\/\/otonet-lab.com\/fr\/wp-json\/wp\/v2\/media?parent=40"}],"curies":[{"name":"wp","href":"https:\/\/api.w.org\/{rel}","templated":true}]}}